{"id":237,"date":"2024-05-08T12:44:39","date_gmt":"2024-05-08T12:44:39","guid":{"rendered":"https:\/\/scotland-lovers.com\/politicas\/"},"modified":"2025-01-03T10:56:56","modified_gmt":"2025-01-03T10:56:56","slug":"politicas","status":"publish","type":"page","link":"https:\/\/scotland-lovers.com\/pt-pt\/politicas\/","title":{"rendered":"Aviso legal, termos de utiliza\u00e7\u00e3o e pol\u00edtica de privacidade"},"content":{"rendered":"\n<p>As seguintes pol\u00edticas est\u00e3o sujeitas a altera\u00e7\u00f5es sem aviso pr\u00e9vio. Foram actualizados pela \u00faltima vez em 8 de maio de 2024. Se tiver alguma d\u00favida, contacte-nos atrav\u00e9s do formul\u00e1rio no final da p\u00e1gina.<\/p>\n\n<h2 class=\"wp-block-heading\">Informa\u00e7\u00e3o jur\u00eddica<\/h2>\n\n<p>Editor e gestor do s\u00edtio :<\/p>\n\n<p>Claire Claire Robinson &#8211; 76600 Le Havre &#8211; (at)regionlovers.fr<\/p>\n\n<p>Apresentado por :<\/p>\n\n<p>WP Engine &#8211; Texas &#8211; Estados Unidos &#8211; <a href=\"https:\/\/wpengine.com\/contact\/\" rel=\"noreferrer noopener\" target=\"_blank\">Contacto<\/a><\/p>\n\n<p><strong>Empresa :<\/strong><\/p>\n\n<p>Region Lovers SAS<br\/><br\/><br\/><br\/>2 rue des sauveteurs 76600 Le Havre Capital social 6000\u20ac IVA FR21845103191<\/p>\n\n<hr class=\"wp-block-separator has-alpha-channel-opacity\"\/>\n\n<h2 class=\"wp-block-heading\">Confidencialidade<\/h2>\n\n<p>Scotland Lovers Leia atentamente esta pol\u00edtica de privacidade para compreender como (o Website) obt\u00e9m, utiliza, protege e, de um modo geral, trata as suas Informa\u00e7\u00f5es Pessoais Identific\u00e1veis quando utiliza este site.<\/p>\n\n<p><strong>Que informa\u00e7\u00f5es pessoais s\u00e3o recolhidas dos visitantes do meu s\u00edtio?<\/strong><\/p>\n\n<p>Quando faz um coment\u00e1rio, coloca uma encomenda ou nos escreve um e-mail, dependendo do caso, pode ser-lhe pedido o seu nome, endere\u00e7o de e-mail ou outros detalhes para o ajudar na sua experi\u00eancia.<\/p>\n\n<p><strong>Quando \u00e9 que esta informa\u00e7\u00e3o \u00e9 recuperada?<\/strong><\/p>\n\n<p>Recolhemos as suas informa\u00e7\u00f5es quando subscreve uma newsletter ou actualiza\u00e7\u00f5es por correio eletr\u00f3nico, quando faz uma compra, quando responde a um inqu\u00e9rito ou quando introduz informa\u00e7\u00f5es neste s\u00edtio (por exemplo, para escrever um coment\u00e1rio).<\/p>\n\n<p><strong>Como \u00e9 que esta informa\u00e7\u00e3o \u00e9 utilizada?<\/strong><\/p>\n\n<p>Podemos utilizar estas informa\u00e7\u00f5es das seguintes formas:<\/p>\n\n<ul class=\"wp-block-list\">\n<li>Para personalizar e fornecer o tipo de conte\u00fado e produtos que mais lhe interessam.<\/li>\n\n\n\n<li>Para melhorar o s\u00edtio e fornecer-lhe melhores informa\u00e7\u00f5es.<\/li>\n\n\n\n<li>Para enviar e-mails peri\u00f3dicos sobre o s\u00edtio ou outros produtos e servi\u00e7os.<\/li>\n<\/ul>\n\n<p><strong>Nunca venderemos<\/strong> ou divulgaremos as suas informa\u00e7\u00f5es e, se a qualquer momento desejar cancelar a subscri\u00e7\u00e3o de qualquer comunica\u00e7\u00e3o por correio eletr\u00f3nico, pode faz\u00ea-lo utilizando a liga\u00e7\u00e3o no final de cada correio eletr\u00f3nico.<\/p>\n\n<p>Se pretender obter mais informa\u00e7\u00f5es sobre a utiliza\u00e7\u00e3o e o armazenamento dos seus dados, utilize o formul\u00e1rio no final desta p\u00e1gina para nos contactar.<\/p>\n\n<p><strong>Como \u00e9 que as informa\u00e7\u00f5es sobre os visitantes do nosso s\u00edtio s\u00e3o protegidas?<\/strong><\/p>\n\n<p>O s\u00edtio Web \u00e9 analisado regularmente para verificar se existem falhas de seguran\u00e7a e pontos fracos conhecidos, de modo a tornar a sua visita o mais segura poss\u00edvel.<\/p>\n\n<p><strong>Utilizo cookies?<\/strong><\/p>\n\n<p>Sim. Os cookies s\u00e3o pequenos ficheiros que um s\u00edtio ou o seu fornecedor de servi\u00e7os transfere para o disco r\u00edgido do seu computador atrav\u00e9s do seu navegador Web (se o permitir) que permitem ao s\u00edtio ou ao fornecedor de servi\u00e7os reconhecer o seu navegador e captar e memorizar determinadas informa\u00e7\u00f5es. Por exemplo, um s\u00edtio pode utilizar cookies para ajudar a recordar e processar os itens do seu cesto de compras. S\u00e3o tamb\u00e9m utilizados para ajudar a compilar e analisar os dados de tr\u00e1fego do s\u00edtio e as interac\u00e7\u00f5es do s\u00edtio, a fim de proporcionar melhores experi\u00eancias no nosso s\u00edtio e melhores ferramentas para o futuro.<\/p>\n\n<p>Scotland Lovers utiliza principalmente cookies para compilar e analisar os dados de tr\u00e1fego e as intera\u00e7\u00f5es do s\u00edtio, a fim de proporcionar melhores experi\u00eancias e ferramentas no futuro. Tamb\u00e9m temos cookies de afiliados de s\u00edtios Web que recomendam os meus guias de viagem. Tamb\u00e9m podemos utilizar servi\u00e7os de s\u00edtios de terceiros de confian\u00e7a para rastrear estes elementos para mim.<\/p>\n\n<p>Pode optar por que o seu computador o informe sempre que enviar um cookie ou pode optar por desativar todos os cookies. Pode faz\u00ea-lo nas defini\u00e7\u00f5es do seu browser (como o Internet Explorer, o Safari ou o Google Chrome).<\/p>\n\n<p><strong>Liga\u00e7\u00f5es de terceiros<\/strong><\/p>\n\n<p>Ocasionalmente, os meus artigos podem conter liga\u00e7\u00f5es a s\u00edtios de terceiros, aos seus produtos ou aos seus servi\u00e7os. Estes s\u00edtios t\u00eam pol\u00edticas de confidencialidade independentes. Scotland Lovers n\u00e3o pode ser responsabilizada pelo conte\u00fado e atividade dos s\u00edtios ligados. No entanto, esfor\u00e7amo-nos por manter a integridade e aceitamos todos os coment\u00e1rios relativos a estes s\u00edtios.<\/p>\n\n<p><strong>Fornecedores utilizados :<\/strong><\/p>\n\n<ul class=\"wp-block-list\">\n<li>Para gerir a aceita\u00e7\u00e3o de cookies, Complianz<\/li>\n\n\n\n<li>Para o formul\u00e1rio de contacto e o formul\u00e1rio de registo da newsletter, utilize o Gravity Forms<\/li>\n\n\n\n<li>Para a newsletter, Mailchimp &#8211; <a href=\"https:\/\/mailchimp.com\/fr\/gdpr\/\" target=\"_blank\" rel=\"noreferrer noopener\">consulte o seu acordo de prote\u00e7\u00e3o de dados<\/a><\/li>\n\n\n\n<li>Os livros electr\u00f3nicos s\u00e3o vendidos utilizando a plataforma Sendowl<a href=\"https:\/\/www.sendowl.com\/privacy\" target=\"_blank\" rel=\"noreferrer noopener\">(pol\u00edtica de privacidade aqui<\/a>) e os pagamentos com cart\u00e3o de cr\u00e9dito s\u00e3o efectuados utilizando o Stripe<a href=\"https:\/\/stripe.com\/en-fr\/privacy\" target=\"_blank\" rel=\"noreferrer noopener\">(pol\u00edtica de privacidade aqui<\/a>).<\/li>\n<\/ul>\n\n<hr class=\"wp-block-separator has-alpha-channel-opacity\"\/>\n\n<h2 class=\"wp-block-heading\">Termos e condi\u00e7\u00f5es de utiliza\u00e7\u00e3o<\/h2>\n\n<h3 class=\"wp-block-heading\">Os nossos servi\u00e7os<\/h3>\n\n<p>N\u00e3o podemos ser responsabilizados por atrasos ou interrup\u00e7\u00f5es no s\u00edtio Web. Envidamos esfor\u00e7os comercialmente razo\u00e1veis para minimizar atrasos e interrup\u00e7\u00f5es. No entanto, n\u00e3o podemos garantir que o s\u00edtio esteja sempre dispon\u00edvel ou em hor\u00e1rios espec\u00edficos.<\/p>\n\n<p>Podemos, a qualquer momento e sem o informar, desativar a totalidade ou parte do s\u00edtio. No entanto, n\u00e3o podemos ser responsabilizados por quaisquer perdas, custos, danos ou obriga\u00e7\u00f5es resultantes da interrup\u00e7\u00e3o do s\u00edtio Web.<\/p>\n\n<h3 class=\"wp-block-heading\">Conduta proibida<\/h3>\n\n<p>Em rela\u00e7\u00e3o a este s\u00edtio Web, n\u00e3o deve :<\/p>\n\n<ul class=\"wp-block-list\">\n<li>Utilizar o Website para quaisquer actividades ou publicar ou transmitir atrav\u00e9s do Website quaisquer informa\u00e7\u00f5es ou materiais que infrinjam quaisquer leis ou regulamentos, violem os direitos de terceiros ou sejam contr\u00e1rios a quaisquer normas ou c\u00f3digos aplic\u00e1veis;<\/li>\n\n\n\n<li>Utilize o Website para publicar ou transmitir qualquer material que interfira com outros utilizadores ou difame, assedie, ameace, fa\u00e7a amea\u00e7as, ofenda ou restrinja ou iniba qualquer utilizador de aceder ao Website ou \u00e0 Internet;<\/li>\n\n\n\n<li>Utilizar o Website para enviar mensagens electr\u00f3nicas n\u00e3o solicitadas;<\/li>\n\n\n\n<li>Alterar, interferir ou modificar o s\u00edtio Web de qualquer forma;<\/li>\n\n\n\n<li>transmitir conscientemente quaisquer v\u00edrus ou outras funcionalidades de desativa\u00e7\u00e3o para ou atrav\u00e9s do Website; ou<\/li>\n\n\n\n<li>Tentar praticar qualquer um dos actos acima referidos ou facilitar ou ajudar outra pessoa a praticar qualquer um dos actos acima referidos.<\/li>\n<\/ul>\n\n<h3 class=\"wp-block-heading\">Propriedade intelectual<\/h3>\n\n<p>Scotland LoversO material do s\u00edtio Web, incluindo o software, o design, o texto, as imagens e os gr\u00e1ficos inclu\u00eddos no s\u00edtio Web e a sele\u00e7\u00e3o e organiza\u00e7\u00e3o do s\u00edtio Web s\u00e3o propriedade da .<\/p>\n\n<p>A sua utiliza\u00e7\u00e3o do Website n\u00e3o lhe concede qualquer licen\u00e7a ou direito de utiliza\u00e7\u00e3o de qualquer uma das marcas comerciais ou log\u00f3tipos, registados ou n\u00e3o registados, vis\u00edveis no Website sem a autoriza\u00e7\u00e3o expressa por escrito do propriet\u00e1rio da marca comercial.<\/p>\n\n<p>Os direitos de autor de todas as obras criativas ou liter\u00e1rias apresentadas no s\u00edtio Web s\u00e3o da nossa propriedade.<\/p>\n\n<p>N\u00e3o deve :<\/p>\n\n<ul class=\"wp-block-list\">\n<li>Reproduzir ou utilizar qualquer dos elementos do s\u00edtio Web para fins comerciais ou n\u00e3o comerciais, incluindo a venda;<\/li>\n\n\n\n<li>Modificar de qualquer forma os elementos do s\u00edtio Web; ou<\/li>\n\n\n\n<li>Atuar de forma a que qualquer dos elementos do s\u00edtio Web possa ser retido ou incorporado noutro s\u00edtio Web.<\/li>\n<\/ul>\n\n<p>Em suma, n\u00e3o deve modificar, copiar, reproduzir, republicar, enquadrar, carregar para terceiros, publicar, transmitir ou distribuir o conte\u00fado do Website de qualquer forma, exceto se expressamente permitido por n\u00f3s ou expressamente autorizado por n\u00f3s por escrito.<\/p>\n\n<p>Se fizer alguma das coisas acima referidas, n\u00e3o hesitarei em fazer valer os nossos direitos de propriedade intelectual contra si.<\/p>\n\n<h3 class=\"wp-block-heading\"><strong>Apenas informa\u00e7\u00f5es de car\u00e1cter geral<\/strong><\/h3>\n\n<p>A nossa inten\u00e7\u00e3o com as informa\u00e7\u00f5es no nosso s\u00edtio Web \u00e9 simplesmente fornecer uma vis\u00e3o geral dos pontos de interesse. As informa\u00e7\u00f5es contidas no nosso s\u00edtio Web n\u00e3o pretendem ser exaustivas, nem constituem conselhos ou recomenda\u00e7\u00f5es de qualquer tipo. Tentamos assegurar que o conte\u00fado seja atualizado e exato, mas n\u00e3o garantimos a sua validade e exatid\u00e3o. Deve efetuar a sua pr\u00f3pria investiga\u00e7\u00e3o e\/ou procurar obter as suas pr\u00f3prias informa\u00e7\u00f5es antes de agir ou confiar em qualquer informa\u00e7\u00e3o do nosso s\u00edtio Web.<\/p>\n\n<h3 class=\"wp-block-heading\"><strong>Liga\u00e7\u00f5es a terceiros<\/strong><\/h3>\n\n<p>O s\u00edtio Web pode conter liga\u00e7\u00f5es de hipertexto e outros indicadores para s\u00edtios Web geridos por terceiros (s\u00edtios Web ligados). N\u00e3o controlamos quaisquer s\u00edtios Web ligados e, por conseguinte, n\u00e3o somos respons\u00e1veis pelo conte\u00fado do s\u00edtio Web ligado ou por quaisquer liga\u00e7\u00f5es de hipertexto contidas no s\u00edtio Web ligado. Fornecemos as liga\u00e7\u00f5es de hipertexto apenas para sua conveni\u00eancia e n\u00e3o indicamos, expressa ou implicitamente, qualquer endosso, patroc\u00ednio ou aprova\u00e7\u00e3o da nossa parte de qualquer Web site ligado ou dos produtos ou servi\u00e7os oferecidos pelos Web sites ligados.<\/p>\n\n<p>A sua visita aos s\u00edtios Web ligados \u00e9 da sua inteira responsabilidade.<\/p>\n\n<p>N\u00e3o damos qualquer garantia nem assumimos qualquer responsabilidade por todos os aspectos dos s\u00edtios Web ligados e do seu conte\u00fado.<\/p>\n\n<p>Deve fazer as suas pr\u00f3prias perguntas sobre a adequa\u00e7\u00e3o dos bens e\/ou servi\u00e7os que lhe s\u00e3o oferecidos atrav\u00e9s de um s\u00edtio Web ligado.<\/p>\n\n<h3 class=\"wp-block-heading\">Compensa\u00e7\u00e3o<\/h3>\n\n<p>Ao utilizar o Website, <strong>concorda<\/strong>em isentar-nos de todas e quaisquer ac\u00e7\u00f5es, reivindica\u00e7\u00f5es, processos, exig\u00eancias, danos e responsabilidades, custos ou despesas (quer por delito ou contrato, incluindo, sem limita\u00e7\u00e3o, neglig\u00eancia) resultantes de ou relacionados com a sua utiliza\u00e7\u00e3o do Website.<\/p>\n\n<hr class=\"wp-block-separator has-alpha-channel-opacity\"\/>\n\n<h2 class=\"wp-block-heading\" id=\"tab-con-1\">Divulga\u00e7\u00e3o<\/h2>\n\n<h3 class=\"wp-block-heading\">Parcerias<\/h3>\n\n<p>Scotland Lovers <strong>n\u00e3o<\/strong> trabalha com marcas <strong>ou<\/strong> postos de turismo.<\/p>\n\n<p>Scotland Lovers dar\u00e1 sempre a sua opini\u00e3o verdadeira sobre as suas descobertas, cren\u00e7as e experi\u00eancias sobre estes assuntos. Os pontos de vista e opini\u00f5es expressos neste blogue s\u00e3o da responsabilidade dos respectivos autores. Qualquer representa\u00e7\u00e3o feita sobre um produto, servi\u00e7o ou outro item deve ser verificada com o fabricante, fornecedor ou pessoa respons\u00e1vel pelo assunto em quest\u00e3o.<\/p>\n\n<h3 class=\"wp-block-heading\"><strong>Liga\u00e7\u00f5es afiliadas<\/strong><\/h3>\n\n<p>Em alguns casos, podemos incluir links de afiliados em determinadas publica\u00e7\u00f5es em que recomendamos produtos ou servi\u00e7os espec\u00edficos. Se comprar algo atrav\u00e9s de uma destas liga\u00e7\u00f5es de afiliados, recebemos uma pequena comiss\u00e3o sem qualquer custo adicional para si.<\/p>\n\n<p>Scotland Lovers participa nos programas de parceiros da Amazon na UE, EUA, Reino Unido e CA, que s\u00e3o programas de afiliados concebidos para permitir que os s\u00edtios Web ganhem dinheiro atrav\u00e9s de liga\u00e7\u00f5es \u00e0 Amazon.<\/p>\n\n<hr class=\"wp-block-separator has-alpha-channel-opacity\"\/>\n\n<h2 class=\"wp-block-heading\" id=\"tab-con-7\">Contacto<\/h2>\n\n<p><a href=\"https:\/\/scotland-lovers.com\/pt-pt\/?page_id=235\">Consulte o formul\u00e1rio de contacto<\/a><\/p>\n","protected":false},"excerpt":{"rendered":"<p>As seguintes pol\u00edticas est\u00e3o sujeitas a altera\u00e7\u00f5es sem aviso pr\u00e9vio. Foram actualizados pela \u00faltima vez em 8 de maio de 2024. Se tiver alguma d\u00favida, contacte-nos atrav\u00e9s do formul\u00e1rio no final da p\u00e1gina. Informa\u00e7\u00e3o jur\u00eddica Editor e gestor do s\u00edtio : Claire Claire Robinson &#8211; 76600 Le Havre &#8211; (at)regionlovers.fr Apresentado por : WP Engine [&hellip;]<\/p>\n","protected":false},"author":1,"featured_media":0,"parent":0,"menu_order":0,"comment_status":"closed","ping_status":"closed","template":"","meta":{"_genesis_hide_title":false,"_genesis_hide_breadcrumbs":false,"_genesis_hide_singular_image":false,"_genesis_hide_footer_widgets":false,"_genesis_custom_body_class":"","_genesis_custom_post_class":"","_genesis_layout":"","footnotes":""},"class_list":{"0":"post-237","1":"page","2":"type-page","3":"status-publish","5":"entry"},"yoast_head":"<!-- This site is optimized with the Yoast SEO plugin v27.2 - https:\/\/yoast.com\/product\/yoast-seo-wordpress\/ -->\n<title>Aviso legal, termos de utiliza\u00e7\u00e3o e pol\u00edtica de privacidade<\/title>\n<meta name=\"description\" content=\"Aviso legal, termos de utiliza\u00e7\u00e3o e pol\u00edtica de privacidade - de Region Lovers\" \/>\n<meta name=\"robots\" content=\"index, follow, max-snippet:-1, max-image-preview:large, max-video-preview:-1\" \/>\n<link rel=\"canonical\" href=\"https:\/\/scotland-lovers.com\/pt-pt\/politicas\/\" \/>\n<meta property=\"og:locale\" content=\"pt_PT\" \/>\n<meta property=\"og:type\" content=\"article\" \/>\n<meta property=\"og:title\" content=\"Aviso legal, termos de utiliza\u00e7\u00e3o e pol\u00edtica de privacidade\" \/>\n<meta property=\"og:description\" content=\"Aviso legal, termos de utiliza\u00e7\u00e3o e pol\u00edtica de privacidade - de Region Lovers\" \/>\n<meta property=\"og:url\" content=\"https:\/\/scotland-lovers.com\/pt-pt\/politicas\/\" \/>\n<meta property=\"og:site_name\" content=\"Scotland Lovers\" \/>\n<meta property=\"article:modified_time\" content=\"2025-01-03T10:56:56+00:00\" \/>\n<meta name=\"twitter:card\" content=\"summary_large_image\" \/>\n<meta name=\"twitter:label1\" content=\"Est. reading time\" \/>\n\t<meta name=\"twitter:data1\" content=\"9 minutos\" \/>\n<script type=\"application\/ld+json\" class=\"yoast-schema-graph\">{\"@context\":\"https:\/\/schema.org\",\"@graph\":[{\"@type\":\"WebPage\",\"@id\":\"https:\/\/scotland-lovers.com\/pt-pt\/politicas\/\",\"url\":\"https:\/\/scotland-lovers.com\/pt-pt\/politicas\/\",\"name\":\"Aviso legal, termos de utiliza\u00e7\u00e3o e pol\u00edtica de privacidade\",\"isPartOf\":{\"@id\":\"https:\/\/scotland-lovers.com\/pt-pt\/#website\"},\"datePublished\":\"2024-05-08T12:44:39+00:00\",\"dateModified\":\"2025-01-03T10:56:56+00:00\",\"description\":\"Aviso legal, termos de utiliza\u00e7\u00e3o e pol\u00edtica de privacidade - de Region Lovers\",\"breadcrumb\":{\"@id\":\"https:\/\/scotland-lovers.com\/pt-pt\/politicas\/#breadcrumb\"},\"inLanguage\":\"pt-PT\",\"potentialAction\":[{\"@type\":\"ReadAction\",\"target\":[\"https:\/\/scotland-lovers.com\/pt-pt\/politicas\/\"]}]},{\"@type\":\"BreadcrumbList\",\"@id\":\"https:\/\/scotland-lovers.com\/pt-pt\/politicas\/#breadcrumb\",\"itemListElement\":[{\"@type\":\"ListItem\",\"position\":1,\"name\":\"Accueil\",\"item\":\"https:\/\/scotland-lovers.com\/pt-pt\/\"},{\"@type\":\"ListItem\",\"position\":2,\"name\":\"Aviso legal, termos de utiliza\u00e7\u00e3o e pol\u00edtica de privacidade\"}]},{\"@type\":\"WebSite\",\"@id\":\"https:\/\/scotland-lovers.com\/pt-pt\/#website\",\"url\":\"https:\/\/scotland-lovers.com\/pt-pt\/\",\"name\":\"Scotland Lovers\",\"description\":\"\",\"publisher\":{\"@id\":\"https:\/\/scotland-lovers.com\/pt-pt\/#organization\"},\"potentialAction\":[{\"@type\":\"SearchAction\",\"target\":{\"@type\":\"EntryPoint\",\"urlTemplate\":\"https:\/\/scotland-lovers.com\/pt-pt\/?s={search_term_string}\"},\"query-input\":{\"@type\":\"PropertyValueSpecification\",\"valueRequired\":true,\"valueName\":\"search_term_string\"}}],\"inLanguage\":\"pt-PT\"},{\"@type\":\"Organization\",\"@id\":\"https:\/\/scotland-lovers.com\/pt-pt\/#organization\",\"name\":\"Scotland Lovers\",\"url\":\"https:\/\/scotland-lovers.com\/pt-pt\/\",\"logo\":{\"@type\":\"ImageObject\",\"inLanguage\":\"pt-PT\",\"@id\":\"https:\/\/scotland-lovers.com\/pt-pt\/#\/schema\/logo\/image\/\",\"url\":\"https:\/\/scotland-lovers.com\/wp-content\/uploads\/2025\/08\/Scotland-Lovers-Logos-RVB_Principal-bicolore-scaled.png\",\"contentUrl\":\"https:\/\/scotland-lovers.com\/wp-content\/uploads\/2025\/08\/Scotland-Lovers-Logos-RVB_Principal-bicolore-scaled.png\",\"width\":2560,\"height\":696,\"caption\":\"Scotland Lovers\"},\"image\":{\"@id\":\"https:\/\/scotland-lovers.com\/pt-pt\/#\/schema\/logo\/image\/\"}}]}<\/script>\n<!-- \/ Yoast SEO plugin. -->","yoast_head_json":{"title":"Aviso legal, termos de utiliza\u00e7\u00e3o e pol\u00edtica de privacidade","description":"Aviso legal, termos de utiliza\u00e7\u00e3o e pol\u00edtica de privacidade - de Region Lovers","robots":{"index":"index","follow":"follow","max-snippet":"max-snippet:-1","max-image-preview":"max-image-preview:large","max-video-preview":"max-video-preview:-1"},"canonical":"https:\/\/scotland-lovers.com\/pt-pt\/politicas\/","og_locale":"pt_PT","og_type":"article","og_title":"Aviso legal, termos de utiliza\u00e7\u00e3o e pol\u00edtica de privacidade","og_description":"Aviso legal, termos de utiliza\u00e7\u00e3o e pol\u00edtica de privacidade - de Region Lovers","og_url":"https:\/\/scotland-lovers.com\/pt-pt\/politicas\/","og_site_name":"Scotland Lovers","article_modified_time":"2025-01-03T10:56:56+00:00","twitter_card":"summary_large_image","twitter_misc":{"Est. reading time":"9 minutos"},"schema":{"@context":"https:\/\/schema.org","@graph":[{"@type":"WebPage","@id":"https:\/\/scotland-lovers.com\/pt-pt\/politicas\/","url":"https:\/\/scotland-lovers.com\/pt-pt\/politicas\/","name":"Aviso legal, termos de utiliza\u00e7\u00e3o e pol\u00edtica de privacidade","isPartOf":{"@id":"https:\/\/scotland-lovers.com\/pt-pt\/#website"},"datePublished":"2024-05-08T12:44:39+00:00","dateModified":"2025-01-03T10:56:56+00:00","description":"Aviso legal, termos de utiliza\u00e7\u00e3o e pol\u00edtica de privacidade - de Region Lovers","breadcrumb":{"@id":"https:\/\/scotland-lovers.com\/pt-pt\/politicas\/#breadcrumb"},"inLanguage":"pt-PT","potentialAction":[{"@type":"ReadAction","target":["https:\/\/scotland-lovers.com\/pt-pt\/politicas\/"]}]},{"@type":"BreadcrumbList","@id":"https:\/\/scotland-lovers.com\/pt-pt\/politicas\/#breadcrumb","itemListElement":[{"@type":"ListItem","position":1,"name":"Accueil","item":"https:\/\/scotland-lovers.com\/pt-pt\/"},{"@type":"ListItem","position":2,"name":"Aviso legal, termos de utiliza\u00e7\u00e3o e pol\u00edtica de privacidade"}]},{"@type":"WebSite","@id":"https:\/\/scotland-lovers.com\/pt-pt\/#website","url":"https:\/\/scotland-lovers.com\/pt-pt\/","name":"Scotland Lovers","description":"","publisher":{"@id":"https:\/\/scotland-lovers.com\/pt-pt\/#organization"},"potentialAction":[{"@type":"SearchAction","target":{"@type":"EntryPoint","urlTemplate":"https:\/\/scotland-lovers.com\/pt-pt\/?s={search_term_string}"},"query-input":{"@type":"PropertyValueSpecification","valueRequired":true,"valueName":"search_term_string"}}],"inLanguage":"pt-PT"},{"@type":"Organization","@id":"https:\/\/scotland-lovers.com\/pt-pt\/#organization","name":"Scotland Lovers","url":"https:\/\/scotland-lovers.com\/pt-pt\/","logo":{"@type":"ImageObject","inLanguage":"pt-PT","@id":"https:\/\/scotland-lovers.com\/pt-pt\/#\/schema\/logo\/image\/","url":"https:\/\/scotland-lovers.com\/wp-content\/uploads\/2025\/08\/Scotland-Lovers-Logos-RVB_Principal-bicolore-scaled.png","contentUrl":"https:\/\/scotland-lovers.com\/wp-content\/uploads\/2025\/08\/Scotland-Lovers-Logos-RVB_Principal-bicolore-scaled.png","width":2560,"height":696,"caption":"Scotland Lovers"},"image":{"@id":"https:\/\/scotland-lovers.com\/pt-pt\/#\/schema\/logo\/image\/"}}]}},"featured_image_src":null,"featured_image_src_square":null,"_links":{"self":[{"href":"https:\/\/scotland-lovers.com\/pt-pt\/wp-json\/wp\/v2\/pages\/237","targetHints":{"allow":["GET"]}}],"collection":[{"href":"https:\/\/scotland-lovers.com\/pt-pt\/wp-json\/wp\/v2\/pages"}],"about":[{"href":"https:\/\/scotland-lovers.com\/pt-pt\/wp-json\/wp\/v2\/types\/page"}],"author":[{"embeddable":true,"href":"https:\/\/scotland-lovers.com\/pt-pt\/wp-json\/wp\/v2\/users\/1"}],"replies":[{"embeddable":true,"href":"https:\/\/scotland-lovers.com\/pt-pt\/wp-json\/wp\/v2\/comments?post=237"}],"version-history":[{"count":0,"href":"https:\/\/scotland-lovers.com\/pt-pt\/wp-json\/wp\/v2\/pages\/237\/revisions"}],"wp:attachment":[{"href":"https:\/\/scotland-lovers.com\/pt-pt\/wp-json\/wp\/v2\/media?parent=237"}],"curies":[{"name":"wp","href":"https:\/\/api.w.org\/{rel}","templated":true}]}}