{"id":232,"date":"2024-05-08T15:05:08","date_gmt":"2024-05-08T15:05:08","guid":{"rendered":"https:\/\/scotland-lovers.com\/claire-robinson\/"},"modified":"2025-01-03T10:56:53","modified_gmt":"2025-01-03T10:56:53","slug":"claire-robinson","status":"publish","type":"page","link":"https:\/\/scotland-lovers.com\/pt-pt\/claire-robinson\/","title":{"rendered":"Claire Sobre a ROBINSON"},"content":{"rendered":"\n<p>Claire Region LoversConhe\u00e7a , co-fundadora com o seu irm\u00e3o<a href=\"https:\/\/scotland-lovers.com\/emmanuel-robinson\/\" target=\"_blank\" rel=\"noreferrer noopener\">Emmanuel<\/a> de , uma empresa feliz que viaja pelo mundo h\u00e1 mais de 10 anos para lhe trazer informa\u00e7\u00f5es de alta qualidade, \u00fateis e &#8220;certificadas como verdadeiras&#8221;. Queremos ajud\u00e1-lo a fazer as escolhas necess\u00e1rias para construir uma viagem \u00e0 sua medida.<\/p>\n\n<p>Claire Region LoversA equipa cresceu ao longo dos anos, mas, como todos os autores do , respeita um quadro e valores, para cumprir o nosso contrato de confian\u00e7a com os nossos leitores. Felizmente, por\u00e9m, cada artigo \u00e9 sempre um reflexo do seu autor e das suas paix\u00f5es.<\/p>\n\n<figure class=\"wp-block-image size-large\"><img decoding=\"async\" src=\"https:\/\/photos.smugmug.com\/Region-Lovers\/Equipe\/i-nsNF6C6\/0\/25791716\/L\/Claire-L.png\" alt=\"\"\/><\/figure>\n\n<h2 class=\"wp-block-heading\">A sua carreira<\/h2>\n\n<ul class=\"wp-block-list\">\n<li>Forma\u00e7\u00e3o em engenharia.<\/li>\n\n\n\n<li>10 anos a estruturar informa\u00e7\u00e3o e a implementar processos de qualidade na Austr\u00e1lia, Alemanha e Fran\u00e7a.<\/li>\n\n\n\n<li>Mais de 10 anos de blogues de viagens: viagens em ziguezague na altura Region Lovers<\/li>\n<\/ul>\n\n<p class=\"has-text-align-left\">Descubra o seu <a href=\"https:\/\/www.linkedin.com\/in\/claire-robinson-fr\/\" target=\"_blank\" rel=\"noreferrer noopener\">perfil no Linkedin<\/a><\/p>\n\n<h2 class=\"wp-block-heading\">O que gosta particularmente de escrever<\/h2>\n\n<ul class=\"wp-block-list\">\n<li>Artigos sobre locais fora dos circuitos habituais, as j\u00f3ias mais secretas descobertas nas nossas viagens.<\/li>\n\n\n\n<li>Os melhores artigos para partilhar os seus favoritos.<\/li>\n\n\n\n<li>Os artigos est\u00e3o repletos de conselhos sobre locais complicados de visitar, para que os leitores tirem o m\u00e1ximo partido da sua visita.<\/li>\n<\/ul>\n","protected":false},"excerpt":{"rendered":"<p>Claire Region LoversConhe\u00e7a , co-fundadora com o seu irm\u00e3oEmmanuel de , uma empresa feliz que viaja pelo mundo h\u00e1 mais de 10 anos para lhe trazer informa\u00e7\u00f5es de alta qualidade, \u00fateis e &#8220;certificadas como verdadeiras&#8221;. Queremos ajud\u00e1-lo a fazer as escolhas necess\u00e1rias para construir uma viagem \u00e0 sua medida. Claire Region LoversA equipa cresceu ao [&hellip;]<\/p>\n","protected":false},"author":1,"featured_media":0,"parent":0,"menu_order":0,"comment_status":"closed","ping_status":"closed","template":"","meta":{"_genesis_hide_title":false,"_genesis_hide_breadcrumbs":false,"_genesis_hide_singular_image":false,"_genesis_hide_footer_widgets":false,"_genesis_custom_body_class":"","_genesis_custom_post_class":"","_genesis_layout":"","footnotes":""},"class_list":{"0":"post-232","1":"page","2":"type-page","3":"status-publish","5":"entry"},"yoast_head":"<!-- This site is optimized with the Yoast SEO plugin v27.2 - https:\/\/yoast.com\/product\/yoast-seo-wordpress\/ -->\n<title>Claire Sobre a ROBINSON<\/title>\n<meta name=\"description\" content=\"Claire Mais informa\u00e7\u00f5es Robinson, cofundador da Region Lovers\" \/>\n<meta name=\"robots\" content=\"index, follow, max-snippet:-1, max-image-preview:large, max-video-preview:-1\" \/>\n<link rel=\"canonical\" href=\"https:\/\/scotland-lovers.com\/pt-pt\/claire-robinson\/\" \/>\n<meta property=\"og:locale\" content=\"pt_PT\" \/>\n<meta property=\"og:type\" content=\"article\" \/>\n<meta property=\"og:title\" content=\"Claire Sobre a ROBINSON\" \/>\n<meta property=\"og:description\" content=\"Claire Mais informa\u00e7\u00f5es Robinson, cofundador da Region Lovers\" \/>\n<meta property=\"og:url\" content=\"https:\/\/scotland-lovers.com\/pt-pt\/claire-robinson\/\" \/>\n<meta property=\"og:site_name\" content=\"Scotland Lovers\" \/>\n<meta property=\"article:modified_time\" content=\"2025-01-03T10:56:53+00:00\" \/>\n<meta property=\"og:image\" content=\"https:\/\/photos.smugmug.com\/Region-Lovers\/Equipe\/i-nsNF6C6\/0\/25791716\/L\/Claire-L.png\" \/>\n<meta name=\"twitter:card\" content=\"summary_large_image\" \/>\n<meta name=\"twitter:label1\" content=\"Est. reading time\" \/>\n\t<meta name=\"twitter:data1\" content=\"1 minuto\" \/>\n<script type=\"application\/ld+json\" class=\"yoast-schema-graph\">{\"@context\":\"https:\/\/schema.org\",\"@graph\":[{\"@type\":\"WebPage\",\"@id\":\"https:\/\/scotland-lovers.com\/pt-pt\/claire-robinson\/\",\"url\":\"https:\/\/scotland-lovers.com\/pt-pt\/claire-robinson\/\",\"name\":\"Claire Sobre a ROBINSON\",\"isPartOf\":{\"@id\":\"https:\/\/scotland-lovers.com\/pt-pt\/#website\"},\"primaryImageOfPage\":{\"@id\":\"https:\/\/scotland-lovers.com\/pt-pt\/claire-robinson\/#primaryimage\"},\"image\":{\"@id\":\"https:\/\/scotland-lovers.com\/pt-pt\/claire-robinson\/#primaryimage\"},\"thumbnailUrl\":\"https:\/\/photos.smugmug.com\/Region-Lovers\/Equipe\/i-nsNF6C6\/0\/25791716\/L\/Claire-L.png\",\"datePublished\":\"2024-05-08T15:05:08+00:00\",\"dateModified\":\"2025-01-03T10:56:53+00:00\",\"description\":\"Claire Mais informa\u00e7\u00f5es Robinson, cofundador da Region Lovers\",\"breadcrumb\":{\"@id\":\"https:\/\/scotland-lovers.com\/pt-pt\/claire-robinson\/#breadcrumb\"},\"inLanguage\":\"pt-PT\",\"potentialAction\":[{\"@type\":\"ReadAction\",\"target\":[\"https:\/\/scotland-lovers.com\/pt-pt\/claire-robinson\/\"]}]},{\"@type\":\"ImageObject\",\"inLanguage\":\"pt-PT\",\"@id\":\"https:\/\/scotland-lovers.com\/pt-pt\/claire-robinson\/#primaryimage\",\"url\":\"https:\/\/photos.smugmug.com\/Region-Lovers\/Equipe\/i-nsNF6C6\/0\/25791716\/L\/Claire-L.png\",\"contentUrl\":\"https:\/\/photos.smugmug.com\/Region-Lovers\/Equipe\/i-nsNF6C6\/0\/25791716\/L\/Claire-L.png\"},{\"@type\":\"BreadcrumbList\",\"@id\":\"https:\/\/scotland-lovers.com\/pt-pt\/claire-robinson\/#breadcrumb\",\"itemListElement\":[{\"@type\":\"ListItem\",\"position\":1,\"name\":\"Accueil\",\"item\":\"https:\/\/scotland-lovers.com\/pt-pt\/\"},{\"@type\":\"ListItem\",\"position\":2,\"name\":\"Claire Sobre a ROBINSON\"}]},{\"@type\":\"WebSite\",\"@id\":\"https:\/\/scotland-lovers.com\/pt-pt\/#website\",\"url\":\"https:\/\/scotland-lovers.com\/pt-pt\/\",\"name\":\"Scotland Lovers\",\"description\":\"\",\"publisher\":{\"@id\":\"https:\/\/scotland-lovers.com\/pt-pt\/#organization\"},\"potentialAction\":[{\"@type\":\"SearchAction\",\"target\":{\"@type\":\"EntryPoint\",\"urlTemplate\":\"https:\/\/scotland-lovers.com\/pt-pt\/?s={search_term_string}\"},\"query-input\":{\"@type\":\"PropertyValueSpecification\",\"valueRequired\":true,\"valueName\":\"search_term_string\"}}],\"inLanguage\":\"pt-PT\"},{\"@type\":\"Organization\",\"@id\":\"https:\/\/scotland-lovers.com\/pt-pt\/#organization\",\"name\":\"Scotland Lovers\",\"url\":\"https:\/\/scotland-lovers.com\/pt-pt\/\",\"logo\":{\"@type\":\"ImageObject\",\"inLanguage\":\"pt-PT\",\"@id\":\"https:\/\/scotland-lovers.com\/pt-pt\/#\/schema\/logo\/image\/\",\"url\":\"https:\/\/scotland-lovers.com\/wp-content\/uploads\/2025\/08\/Scotland-Lovers-Logos-RVB_Principal-bicolore-scaled.png\",\"contentUrl\":\"https:\/\/scotland-lovers.com\/wp-content\/uploads\/2025\/08\/Scotland-Lovers-Logos-RVB_Principal-bicolore-scaled.png\",\"width\":2560,\"height\":696,\"caption\":\"Scotland Lovers\"},\"image\":{\"@id\":\"https:\/\/scotland-lovers.com\/pt-pt\/#\/schema\/logo\/image\/\"}}]}<\/script>\n<!-- \/ Yoast SEO plugin. -->","yoast_head_json":{"title":"Claire Sobre a ROBINSON","description":"Claire Mais informa\u00e7\u00f5es Robinson, cofundador da Region Lovers","robots":{"index":"index","follow":"follow","max-snippet":"max-snippet:-1","max-image-preview":"max-image-preview:large","max-video-preview":"max-video-preview:-1"},"canonical":"https:\/\/scotland-lovers.com\/pt-pt\/claire-robinson\/","og_locale":"pt_PT","og_type":"article","og_title":"Claire Sobre a ROBINSON","og_description":"Claire Mais informa\u00e7\u00f5es Robinson, cofundador da Region Lovers","og_url":"https:\/\/scotland-lovers.com\/pt-pt\/claire-robinson\/","og_site_name":"Scotland Lovers","article_modified_time":"2025-01-03T10:56:53+00:00","og_image":[{"url":"https:\/\/photos.smugmug.com\/Region-Lovers\/Equipe\/i-nsNF6C6\/0\/25791716\/L\/Claire-L.png","type":"","width":"","height":""}],"twitter_card":"summary_large_image","twitter_misc":{"Est. reading time":"1 minuto"},"schema":{"@context":"https:\/\/schema.org","@graph":[{"@type":"WebPage","@id":"https:\/\/scotland-lovers.com\/pt-pt\/claire-robinson\/","url":"https:\/\/scotland-lovers.com\/pt-pt\/claire-robinson\/","name":"Claire Sobre a ROBINSON","isPartOf":{"@id":"https:\/\/scotland-lovers.com\/pt-pt\/#website"},"primaryImageOfPage":{"@id":"https:\/\/scotland-lovers.com\/pt-pt\/claire-robinson\/#primaryimage"},"image":{"@id":"https:\/\/scotland-lovers.com\/pt-pt\/claire-robinson\/#primaryimage"},"thumbnailUrl":"https:\/\/photos.smugmug.com\/Region-Lovers\/Equipe\/i-nsNF6C6\/0\/25791716\/L\/Claire-L.png","datePublished":"2024-05-08T15:05:08+00:00","dateModified":"2025-01-03T10:56:53+00:00","description":"Claire Mais informa\u00e7\u00f5es Robinson, cofundador da Region Lovers","breadcrumb":{"@id":"https:\/\/scotland-lovers.com\/pt-pt\/claire-robinson\/#breadcrumb"},"inLanguage":"pt-PT","potentialAction":[{"@type":"ReadAction","target":["https:\/\/scotland-lovers.com\/pt-pt\/claire-robinson\/"]}]},{"@type":"ImageObject","inLanguage":"pt-PT","@id":"https:\/\/scotland-lovers.com\/pt-pt\/claire-robinson\/#primaryimage","url":"https:\/\/photos.smugmug.com\/Region-Lovers\/Equipe\/i-nsNF6C6\/0\/25791716\/L\/Claire-L.png","contentUrl":"https:\/\/photos.smugmug.com\/Region-Lovers\/Equipe\/i-nsNF6C6\/0\/25791716\/L\/Claire-L.png"},{"@type":"BreadcrumbList","@id":"https:\/\/scotland-lovers.com\/pt-pt\/claire-robinson\/#breadcrumb","itemListElement":[{"@type":"ListItem","position":1,"name":"Accueil","item":"https:\/\/scotland-lovers.com\/pt-pt\/"},{"@type":"ListItem","position":2,"name":"Claire Sobre a ROBINSON"}]},{"@type":"WebSite","@id":"https:\/\/scotland-lovers.com\/pt-pt\/#website","url":"https:\/\/scotland-lovers.com\/pt-pt\/","name":"Scotland Lovers","description":"","publisher":{"@id":"https:\/\/scotland-lovers.com\/pt-pt\/#organization"},"potentialAction":[{"@type":"SearchAction","target":{"@type":"EntryPoint","urlTemplate":"https:\/\/scotland-lovers.com\/pt-pt\/?s={search_term_string}"},"query-input":{"@type":"PropertyValueSpecification","valueRequired":true,"valueName":"search_term_string"}}],"inLanguage":"pt-PT"},{"@type":"Organization","@id":"https:\/\/scotland-lovers.com\/pt-pt\/#organization","name":"Scotland Lovers","url":"https:\/\/scotland-lovers.com\/pt-pt\/","logo":{"@type":"ImageObject","inLanguage":"pt-PT","@id":"https:\/\/scotland-lovers.com\/pt-pt\/#\/schema\/logo\/image\/","url":"https:\/\/scotland-lovers.com\/wp-content\/uploads\/2025\/08\/Scotland-Lovers-Logos-RVB_Principal-bicolore-scaled.png","contentUrl":"https:\/\/scotland-lovers.com\/wp-content\/uploads\/2025\/08\/Scotland-Lovers-Logos-RVB_Principal-bicolore-scaled.png","width":2560,"height":696,"caption":"Scotland Lovers"},"image":{"@id":"https:\/\/scotland-lovers.com\/pt-pt\/#\/schema\/logo\/image\/"}}]}},"featured_image_src":null,"featured_image_src_square":null,"_links":{"self":[{"href":"https:\/\/scotland-lovers.com\/pt-pt\/wp-json\/wp\/v2\/pages\/232","targetHints":{"allow":["GET"]}}],"collection":[{"href":"https:\/\/scotland-lovers.com\/pt-pt\/wp-json\/wp\/v2\/pages"}],"about":[{"href":"https:\/\/scotland-lovers.com\/pt-pt\/wp-json\/wp\/v2\/types\/page"}],"author":[{"embeddable":true,"href":"https:\/\/scotland-lovers.com\/pt-pt\/wp-json\/wp\/v2\/users\/1"}],"replies":[{"embeddable":true,"href":"https:\/\/scotland-lovers.com\/pt-pt\/wp-json\/wp\/v2\/comments?post=232"}],"version-history":[{"count":0,"href":"https:\/\/scotland-lovers.com\/pt-pt\/wp-json\/wp\/v2\/pages\/232\/revisions"}],"wp:attachment":[{"href":"https:\/\/scotland-lovers.com\/pt-pt\/wp-json\/wp\/v2\/media?parent=232"}],"curies":[{"name":"wp","href":"https:\/\/api.w.org\/{rel}","templated":true}]}}