{"id":84,"date":"2024-05-08T15:10:41","date_gmt":"2024-05-08T15:10:41","guid":{"rendered":"https:\/\/scotland-lovers.com\/severino-arzo\/"},"modified":"2024-05-08T15:10:50","modified_gmt":"2024-05-08T15:10:50","slug":"severino-arzo","status":"publish","type":"page","link":"https:\/\/scotland-lovers.com\/it\/severino-arzo\/","title":{"rendered":"Informazioni su S\u00e8verine HARZO"},"content":{"rendered":"\n<p>Le presentiamo S\u00e8verine, una dipendente di Region Lovers, un&#8217;azienda felice che da oltre 10 anni gira il mondo per portarle informazioni certificate, di alta qualit\u00e0 e utili. Vogliamo aiutarla a fare le scelte necessarie per costruire un viaggio adatto a lei.<\/p>\n\n<p>Il team \u00e8 cresciuto nel corso degli anni, ma S\u00e8verine, come tutti gli autori di Region Lovers, si attiene a un quadro e a dei valori per rispettare il contratto di fiducia con i nostri lettori. Fortunatamente, per\u00f2, ogni articolo \u00e8 sempre un riflesso del suo autore e delle sue passioni.<\/p>\n<div class=\"wp-block-image\">\n<figure class=\"aligncenter size-large\"><img decoding=\"async\" src=\"https:\/\/photos.smugmug.com\/Region-Lovers\/Equipe\/i-gFtV6Dq\/0\/C6RSrhKpdND9MjrwpgnJSBdMhs3jLBgbGtBgdHX2x\/L\/severine-2-L.jpg\" alt=\"\"\/><\/figure>\n<\/div>\n<h2 class=\"wp-block-heading\">La sua carriera<\/h2>\n\n<ul class=\"wp-block-list\">\n<li>Formazione giuridica (laurea in legge) applicata alla moda (IFM, London College of Fashion).<\/li>\n\n\n\n<li>20 anni di giornalismo internazionale (Claire, D\u00e9p\u00eache Mode, Vogue, Cosmopolitan, Mirabella&#8230;) e molti altri di scrittura.<\/li>\n\n\n\n<li>Si \u00e8 unita all&#8217;avventura della Region Lovers nel gennaio 2024!<\/li>\n<\/ul>\n\n<p class=\"has-text-align-left\">Scopra il suo <a href=\"https:\/\/www.linkedin.com\/in\/severineharzo\/\" target=\"_blank\" rel=\"noreferrer noopener nofollow\">profilo Linkedin<\/a><\/p>\n\n<h2 class=\"wp-block-heading\">Cosa le piace scrivere in particolare<\/h2>\n\n<ul class=\"wp-block-list\">\n<li>Articoli sui luoghi, tutti i luoghi, purch\u00e9 abbiano storie da raccontare.<\/li>\n\n\n\n<li>I grandi spazi aperti (citt\u00e0 e natura) per gli incontri e la sensazione di libert\u00e0.<\/li>\n\n\n\n<li>Dia uno sguardo diverso alle destinazioni locali, perch\u00e9 l&#8217;avventura non \u00e8 sempre cos\u00ec lontana come pensa.<\/li>\n<\/ul>\n","protected":false},"excerpt":{"rendered":"<p>Le presentiamo S\u00e8verine, una dipendente di Region Lovers, un&#8217;azienda felice che da oltre 10 anni gira il mondo per portarle informazioni certificate, di alta qualit\u00e0 e utili. Vogliamo aiutarla a fare le scelte necessarie per costruire un viaggio adatto a lei. Il team \u00e8 cresciuto nel corso degli anni, ma S\u00e8verine, come tutti gli autori [&hellip;]<\/p>\n","protected":false},"author":1,"featured_media":0,"parent":0,"menu_order":0,"comment_status":"closed","ping_status":"closed","template":"","meta":{"_genesis_hide_title":false,"_genesis_hide_breadcrumbs":false,"_genesis_hide_singular_image":false,"_genesis_hide_footer_widgets":false,"_genesis_custom_body_class":"","_genesis_custom_post_class":"","_genesis_layout":"","footnotes":""},"class_list":{"0":"post-84","1":"page","2":"type-page","3":"status-publish","5":"entry"},"yoast_head":"<!-- This site is optimized with the Yoast SEO plugin v27.2 - https:\/\/yoast.com\/product\/yoast-seo-wordpress\/ -->\n<title>Informazioni su S\u00e8verine HARZO<\/title>\n<meta name=\"description\" content=\"Informazioni su S\u00e9verine Harzo, responsabile del progetto editoriale di Region Lovers\" \/>\n<meta name=\"robots\" content=\"index, follow, max-snippet:-1, max-image-preview:large, max-video-preview:-1\" \/>\n<link rel=\"canonical\" href=\"https:\/\/scotland-lovers.com\/it\/severino-arzo\/\" \/>\n<meta property=\"og:locale\" content=\"it_IT\" \/>\n<meta property=\"og:type\" content=\"article\" \/>\n<meta property=\"og:title\" content=\"Informazioni su S\u00e8verine HARZO\" \/>\n<meta property=\"og:description\" content=\"Informazioni su S\u00e9verine Harzo, responsabile del progetto editoriale di Region Lovers\" \/>\n<meta property=\"og:url\" content=\"https:\/\/scotland-lovers.com\/it\/severino-arzo\/\" \/>\n<meta property=\"og:site_name\" content=\"Scotland Lovers\" \/>\n<meta property=\"article:modified_time\" content=\"2024-05-08T15:10:50+00:00\" \/>\n<meta property=\"og:image\" content=\"https:\/\/photos.smugmug.com\/Region-Lovers\/Equipe\/i-gFtV6Dq\/0\/C6RSrhKpdND9MjrwpgnJSBdMhs3jLBgbGtBgdHX2x\/L\/severine-2-L.jpg\" \/>\n<meta name=\"twitter:card\" content=\"summary_large_image\" \/>\n<meta name=\"twitter:label1\" content=\"Tempo di lettura stimato\" \/>\n\t<meta name=\"twitter:data1\" content=\"1 minuto\" \/>\n<script type=\"application\/ld+json\" class=\"yoast-schema-graph\">{\"@context\":\"https:\/\/schema.org\",\"@graph\":[{\"@type\":\"WebPage\",\"@id\":\"https:\/\/scotland-lovers.com\/it\/severino-arzo\/\",\"url\":\"https:\/\/scotland-lovers.com\/it\/severino-arzo\/\",\"name\":\"Informazioni su S\u00e8verine HARZO\",\"isPartOf\":{\"@id\":\"https:\/\/scotland-lovers.com\/it\/#website\"},\"primaryImageOfPage\":{\"@id\":\"https:\/\/scotland-lovers.com\/it\/severino-arzo\/#primaryimage\"},\"image\":{\"@id\":\"https:\/\/scotland-lovers.com\/it\/severino-arzo\/#primaryimage\"},\"thumbnailUrl\":\"https:\/\/photos.smugmug.com\/Region-Lovers\/Equipe\/i-gFtV6Dq\/0\/C6RSrhKpdND9MjrwpgnJSBdMhs3jLBgbGtBgdHX2x\/L\/severine-2-L.jpg\",\"datePublished\":\"2024-05-08T15:10:41+00:00\",\"dateModified\":\"2024-05-08T15:10:50+00:00\",\"description\":\"Informazioni su S\u00e9verine Harzo, responsabile del progetto editoriale di Region Lovers\",\"breadcrumb\":{\"@id\":\"https:\/\/scotland-lovers.com\/it\/severino-arzo\/#breadcrumb\"},\"inLanguage\":\"it-IT\",\"potentialAction\":[{\"@type\":\"ReadAction\",\"target\":[\"https:\/\/scotland-lovers.com\/it\/severino-arzo\/\"]}]},{\"@type\":\"ImageObject\",\"inLanguage\":\"it-IT\",\"@id\":\"https:\/\/scotland-lovers.com\/it\/severino-arzo\/#primaryimage\",\"url\":\"https:\/\/photos.smugmug.com\/Region-Lovers\/Equipe\/i-gFtV6Dq\/0\/C6RSrhKpdND9MjrwpgnJSBdMhs3jLBgbGtBgdHX2x\/L\/severine-2-L.jpg\",\"contentUrl\":\"https:\/\/photos.smugmug.com\/Region-Lovers\/Equipe\/i-gFtV6Dq\/0\/C6RSrhKpdND9MjrwpgnJSBdMhs3jLBgbGtBgdHX2x\/L\/severine-2-L.jpg\"},{\"@type\":\"BreadcrumbList\",\"@id\":\"https:\/\/scotland-lovers.com\/it\/severino-arzo\/#breadcrumb\",\"itemListElement\":[{\"@type\":\"ListItem\",\"position\":1,\"name\":\"Accueil\",\"item\":\"https:\/\/scotland-lovers.com\/it\/\"},{\"@type\":\"ListItem\",\"position\":2,\"name\":\"Informazioni su S\u00e8verine HARZO\"}]},{\"@type\":\"WebSite\",\"@id\":\"https:\/\/scotland-lovers.com\/it\/#website\",\"url\":\"https:\/\/scotland-lovers.com\/it\/\",\"name\":\"Scotland Lovers\",\"description\":\"\",\"publisher\":{\"@id\":\"https:\/\/scotland-lovers.com\/it\/#organization\"},\"potentialAction\":[{\"@type\":\"SearchAction\",\"target\":{\"@type\":\"EntryPoint\",\"urlTemplate\":\"https:\/\/scotland-lovers.com\/it\/?s={search_term_string}\"},\"query-input\":{\"@type\":\"PropertyValueSpecification\",\"valueRequired\":true,\"valueName\":\"search_term_string\"}}],\"inLanguage\":\"it-IT\"},{\"@type\":\"Organization\",\"@id\":\"https:\/\/scotland-lovers.com\/it\/#organization\",\"name\":\"Scotland Lovers\",\"url\":\"https:\/\/scotland-lovers.com\/it\/\",\"logo\":{\"@type\":\"ImageObject\",\"inLanguage\":\"it-IT\",\"@id\":\"https:\/\/scotland-lovers.com\/it\/#\/schema\/logo\/image\/\",\"url\":\"https:\/\/scotland-lovers.com\/wp-content\/uploads\/2025\/08\/Scotland-Lovers-Logos-RVB_Principal-bicolore-scaled.png\",\"contentUrl\":\"https:\/\/scotland-lovers.com\/wp-content\/uploads\/2025\/08\/Scotland-Lovers-Logos-RVB_Principal-bicolore-scaled.png\",\"width\":2560,\"height\":696,\"caption\":\"Scotland Lovers\"},\"image\":{\"@id\":\"https:\/\/scotland-lovers.com\/it\/#\/schema\/logo\/image\/\"}}]}<\/script>\n<!-- \/ Yoast SEO plugin. -->","yoast_head_json":{"title":"Informazioni su S\u00e8verine HARZO","description":"Informazioni su S\u00e9verine Harzo, responsabile del progetto editoriale di Region Lovers","robots":{"index":"index","follow":"follow","max-snippet":"max-snippet:-1","max-image-preview":"max-image-preview:large","max-video-preview":"max-video-preview:-1"},"canonical":"https:\/\/scotland-lovers.com\/it\/severino-arzo\/","og_locale":"it_IT","og_type":"article","og_title":"Informazioni su S\u00e8verine HARZO","og_description":"Informazioni su S\u00e9verine Harzo, responsabile del progetto editoriale di Region Lovers","og_url":"https:\/\/scotland-lovers.com\/it\/severino-arzo\/","og_site_name":"Scotland Lovers","article_modified_time":"2024-05-08T15:10:50+00:00","og_image":[{"url":"https:\/\/photos.smugmug.com\/Region-Lovers\/Equipe\/i-gFtV6Dq\/0\/C6RSrhKpdND9MjrwpgnJSBdMhs3jLBgbGtBgdHX2x\/L\/severine-2-L.jpg","type":"","width":"","height":""}],"twitter_card":"summary_large_image","twitter_misc":{"Tempo di lettura stimato":"1 minuto"},"schema":{"@context":"https:\/\/schema.org","@graph":[{"@type":"WebPage","@id":"https:\/\/scotland-lovers.com\/it\/severino-arzo\/","url":"https:\/\/scotland-lovers.com\/it\/severino-arzo\/","name":"Informazioni su S\u00e8verine HARZO","isPartOf":{"@id":"https:\/\/scotland-lovers.com\/it\/#website"},"primaryImageOfPage":{"@id":"https:\/\/scotland-lovers.com\/it\/severino-arzo\/#primaryimage"},"image":{"@id":"https:\/\/scotland-lovers.com\/it\/severino-arzo\/#primaryimage"},"thumbnailUrl":"https:\/\/photos.smugmug.com\/Region-Lovers\/Equipe\/i-gFtV6Dq\/0\/C6RSrhKpdND9MjrwpgnJSBdMhs3jLBgbGtBgdHX2x\/L\/severine-2-L.jpg","datePublished":"2024-05-08T15:10:41+00:00","dateModified":"2024-05-08T15:10:50+00:00","description":"Informazioni su S\u00e9verine Harzo, responsabile del progetto editoriale di Region Lovers","breadcrumb":{"@id":"https:\/\/scotland-lovers.com\/it\/severino-arzo\/#breadcrumb"},"inLanguage":"it-IT","potentialAction":[{"@type":"ReadAction","target":["https:\/\/scotland-lovers.com\/it\/severino-arzo\/"]}]},{"@type":"ImageObject","inLanguage":"it-IT","@id":"https:\/\/scotland-lovers.com\/it\/severino-arzo\/#primaryimage","url":"https:\/\/photos.smugmug.com\/Region-Lovers\/Equipe\/i-gFtV6Dq\/0\/C6RSrhKpdND9MjrwpgnJSBdMhs3jLBgbGtBgdHX2x\/L\/severine-2-L.jpg","contentUrl":"https:\/\/photos.smugmug.com\/Region-Lovers\/Equipe\/i-gFtV6Dq\/0\/C6RSrhKpdND9MjrwpgnJSBdMhs3jLBgbGtBgdHX2x\/L\/severine-2-L.jpg"},{"@type":"BreadcrumbList","@id":"https:\/\/scotland-lovers.com\/it\/severino-arzo\/#breadcrumb","itemListElement":[{"@type":"ListItem","position":1,"name":"Accueil","item":"https:\/\/scotland-lovers.com\/it\/"},{"@type":"ListItem","position":2,"name":"Informazioni su S\u00e8verine HARZO"}]},{"@type":"WebSite","@id":"https:\/\/scotland-lovers.com\/it\/#website","url":"https:\/\/scotland-lovers.com\/it\/","name":"Scotland Lovers","description":"","publisher":{"@id":"https:\/\/scotland-lovers.com\/it\/#organization"},"potentialAction":[{"@type":"SearchAction","target":{"@type":"EntryPoint","urlTemplate":"https:\/\/scotland-lovers.com\/it\/?s={search_term_string}"},"query-input":{"@type":"PropertyValueSpecification","valueRequired":true,"valueName":"search_term_string"}}],"inLanguage":"it-IT"},{"@type":"Organization","@id":"https:\/\/scotland-lovers.com\/it\/#organization","name":"Scotland Lovers","url":"https:\/\/scotland-lovers.com\/it\/","logo":{"@type":"ImageObject","inLanguage":"it-IT","@id":"https:\/\/scotland-lovers.com\/it\/#\/schema\/logo\/image\/","url":"https:\/\/scotland-lovers.com\/wp-content\/uploads\/2025\/08\/Scotland-Lovers-Logos-RVB_Principal-bicolore-scaled.png","contentUrl":"https:\/\/scotland-lovers.com\/wp-content\/uploads\/2025\/08\/Scotland-Lovers-Logos-RVB_Principal-bicolore-scaled.png","width":2560,"height":696,"caption":"Scotland Lovers"},"image":{"@id":"https:\/\/scotland-lovers.com\/it\/#\/schema\/logo\/image\/"}}]}},"featured_image_src":null,"featured_image_src_square":null,"_links":{"self":[{"href":"https:\/\/scotland-lovers.com\/it\/wp-json\/wp\/v2\/pages\/84","targetHints":{"allow":["GET"]}}],"collection":[{"href":"https:\/\/scotland-lovers.com\/it\/wp-json\/wp\/v2\/pages"}],"about":[{"href":"https:\/\/scotland-lovers.com\/it\/wp-json\/wp\/v2\/types\/page"}],"author":[{"embeddable":true,"href":"https:\/\/scotland-lovers.com\/it\/wp-json\/wp\/v2\/users\/1"}],"replies":[{"embeddable":true,"href":"https:\/\/scotland-lovers.com\/it\/wp-json\/wp\/v2\/comments?post=84"}],"version-history":[{"count":0,"href":"https:\/\/scotland-lovers.com\/it\/wp-json\/wp\/v2\/pages\/84\/revisions"}],"wp:attachment":[{"href":"https:\/\/scotland-lovers.com\/it\/wp-json\/wp\/v2\/media?parent=84"}],"curies":[{"name":"wp","href":"https:\/\/api.w.org\/{rel}","templated":true}]}}