{"id":65,"date":"2024-05-08T13:24:13","date_gmt":"2024-05-08T13:24:13","guid":{"rendered":"https:\/\/scotland-lovers.com\/a-proposito\/"},"modified":"2024-05-08T13:24:27","modified_gmt":"2024-05-08T13:24:27","slug":"a-proposito","status":"publish","type":"page","link":"https:\/\/scotland-lovers.com\/it\/a-proposito\/","title":{"rendered":"A proposito di Scotland Lovers e di Region Lovers"},"content":{"rendered":"\n<p>Benvenuto nel nostro sito web,<\/p>\n\n<p>Prima di tutto, per non perdersi, <strong>Scotland Lovers <\/strong>\u00e8 il sito di <strong>Region Lovers<\/strong> dedicato alla bellissima regione della Scozia.<\/p>\n\n<p>Siamo <strong>Claire ed Emmanuel Robinson<\/strong>, una sorella, un fratello, un poliglotta, un amante delle parole, un viaggiatore, un epicureo&#8230;<\/p>\n\n<p>Dal 2013, <a href=\"https:\/\/scotland-lovers.com\/claire-robinson\/\" target=\"_blank\" rel=\"noreferrer noopener\">Claire<\/a> pubblica<strong> guide di viaggio <\/strong>in tutto il mondo che sono diventate un <strong>punto di riferimento <\/strong>per gli amanti dei viaggi on the road. Nel 2022, <a href=\"https:\/\/scotland-lovers.com\/emmanuel-robinson\/\" target=\"_blank\" rel=\"noreferrer noopener\">Emmanuel<\/a> decide di unirsi a lei nella fondazione di <strong>Region Lovers<\/strong>.<\/p>\n\n<p>Il nostro obiettivo? Creare <strong>siti web di destinazione dedicati<\/strong>, pensati per <strong>guidarla nelle sue scelte<\/strong> attraverso<strong> contenuti di qualit\u00e0<\/strong> (nessuna sponsorizzazione, viaggi realmente realizzati, articoli strutturati, garanzia &#8220;realmente certificata&#8221;).<\/p>\n\n<figure class=\"wp-block-image size-large\"><img decoding=\"async\" src=\"https:\/\/corsicalovers.fr\/wp-content\/uploads\/2023\/03\/emmanuelclaire-1024x684.jpeg\" alt=\"\"\/><\/figure>\n\n<h2 class=\"wp-block-heading\">Le origini di Region Lovers<\/h2>\n\n<p>Region Lovers \u00e8 nata nell&#8217;<strong>agosto del 2022<\/strong> dalla constatazione che per i viaggiatori era difficile fare le <strong>scelte<\/strong> che consentissero loro di costruire un viaggio <strong>adatto<\/strong> a loro.<\/p>\n\n<p>Troppe informazioni, sparse su una moltitudine di piattaforme, contenuti sponsorizzati troppo belli per essere veri, storie completamente egocentriche, siti illeggibili o non aggiornati&#8230;<\/p>\n\n<p>Abbiamo cercato un <strong>nuovo modo di fare blogging che fosse<\/strong> al tempo stesso pi\u00f9 utile e pi\u00f9 etico, attingendo alle lezioni apprese da 10 anni di pratica quotidiana di Claire. Ora sta leggendo il risultato di tutto questo lavoro, e speriamo di aver soddisfatto le sue aspettative!<\/p>\n\n<figure class=\"wp-block-image\"><img decoding=\"async\" src=\"https:\/\/photos.smugmug.com\/Travel\/France\/Le-Havre\/i-Gn4VmGp\/5\/c351a225\/L\/IMG_1679-L.jpg\" alt=\"\"\/><figcaption class=\"wp-element-caption\">La spiaggia di Le Havre, che abbiamo visitato pi\u00f9 volte per creare Region Lovers<\/figcaption><\/figure>\n\n<h2 class=\"wp-block-heading\">I nostri valori e impegni<\/h2>\n\n<p>Come pu\u00f2 vedere, l&#8217;<strong>autenticit\u00e0<\/strong> \u00e8 al centro del nostro approccio. Ci metteremo nei suoi panni e condivideremo con lei ci\u00f2 che abbiamo <strong>realmente<\/strong> visto e sperimentato.<\/p>\n\n<p>E per garantire che questo <strong>contratto di fiducia<\/strong> tra lei e noi sia il pi\u00f9 solido possibile, ci impegniamo a rispettare <strong>10 impegni<\/strong>:<\/p>\n\n<ol class=\"wp-block-list\">\n<li>Visiti tutti i luoghi di cui le parliamo.<\/li>\n\n\n\n<li>Per ogni citt\u00e0, soggiorni in almeno un hotel e visiti quelli che le consigliamo.<\/li>\n\n\n\n<li>Per ogni citt\u00e0, mangi almeno un ristorante e visiti quelli che abbiamo selezionato.<\/li>\n\n\n\n<li>Pagare tutte le nostre fatture per intero e rifiutare qualsiasi partnership o sponsorizzazione.<\/li>\n\n\n\n<li>Aggiornare periodicamente i nostri articoli, con l&#8217;aiuto dei nostri lettori.<\/li>\n\n\n\n<li>Arricchisca i nostri articoli con le nostre esperienze dirette.<\/li>\n\n\n\n<li>Utilizziamo il 99% delle nostre foto.<\/li>\n\n\n\n<li>Fare un uso ragionato e trasparente dello strumento AI, che alimentiamo con le nostre informazioni verificate localmente.<\/li>\n\n\n\n<li>Fornisca informazioni sull&#8217;accoppiata viaggiatore\/scrittore che ha dato origine all&#8217;articolo.<\/li>\n\n\n\n<li>Le diciamo cosa facciamo e facciamo quello che le diciamo!<\/li>\n<\/ol>\n\n<figure class=\"wp-block-image\"><img decoding=\"async\" src=\"https:\/\/photos.smugmug.com\/Normandie-Lovers\/Normandie-Lovers\/i-42FF9B3\/0\/b1f6302b\/L\/facture_restaurant_normandy-L.jpg\" alt=\"Conto del ristorante\"\/><figcaption class=\"wp-element-caption\">Il prezzo della nostra libert\u00e0 di parola!<\/figcaption><\/figure>\n\n<h2 class=\"wp-block-heading\">Il team di Region Lovers: competenza e passione<\/h2>\n\n<p>Abbiamo iniziato in Normandia. Cosa c&#8217;\u00e8 di pi\u00f9 logico, essendo nato l\u00ec e vivendo l\u00ec ancora oggi! Una volta soddisfatti dei risultati, abbiamo deciso di iniziare a crescere, passo dopo passo, per offrirle nuove destinazioni.<\/p>\n\n<ul class=\"wp-block-list\">\n<li><a href=\"https:\/\/regionlovers.fr\" target=\"_blank\" rel=\"noreferrer noopener\">Scopra tutte le destinazioni offerte da Region Lovers<\/a><\/li>\n<\/ul>\n\n<p>Per raggiungere questo obiettivo, il team \u00e8 cresciuto mantenendo gli stessi elevati standard di qualit\u00e0 dei contenuti e il rispetto dei valori che ci guidano quotidianamente.<\/p>\n\n<figure class=\"wp-block-image size-large\"><a href=\"https:\/\/loirelovers.fr\/fanny-auffret\/\" target=\"_blank\" rel=\"noreferrer noopener\"><img decoding=\"async\" src=\"https:\/\/photos.smugmug.com\/Region-Lovers\/Generique\/i-MR3r4Sx\/0\/4eb3a015\/L\/_GAB2628-L.jpg\" alt=\"\"\/><\/a><figcaption class=\"wp-element-caption\">Fanny, Elisa e Myriam<\/figcaption><\/figure>\n\n<ul class=\"wp-block-list\">\n<li><a href=\"https:\/\/regionlovers.fr\/equipe\/\" target=\"_blank\" rel=\"noreferrer noopener\">Incontra l&#8217;intero team di Region Lovers<\/a><\/li>\n<\/ul>\n\n<h3 class=\"wp-block-heading\">Region Lovers: come funziona?<\/h3>\n\n<p>Ogni membro del team riceve una <strong>formazione rigorosa <\/strong>in materia di viaggi e scrittura (non \u00e8 cos\u00ec facile come sembra!), basata su tutto ci\u00f2 che abbiamo imparato nei nostri 10 anni di blogging e nei nostri numerosi viaggi in tutto il mondo.<\/p>\n\n<p>Quando decidiamo di creare un sito su una regione, inviamo uno o pi\u00f9 membri del team a trascorrere diverse settimane nella <strong>zona<\/strong> per raccogliere informazioni, scattare foto e testare hotel e ristoranti.<\/p>\n<div class=\"wp-block-image\">\n<figure class=\"aligncenter\"><img decoding=\"async\" src=\"https:\/\/photos.smugmug.com\/Vallee-loire\/Loire-lovers\/i-C72BN6G\/0\/5b34e182\/L\/loire-lovers-emmanuel-2-L.jpg\" alt=\"\"\/><figcaption class=\"wp-element-caption\">Rapporti fotografici pericolosi!<\/figcaption><\/figure>\n<\/div>\n<p>Al loro ritorno, i viaggiatori riportano fedelmente le loro <strong>impressioni, i loro preferiti e le lezioni apprese<\/strong> al resto del team, e insieme scrivono gli articoli per offrirle contenuti di qualit\u00e0.<\/p>\n\n<p>E infine, torniamo <strong>periodicamente<\/strong> sui siti documentati per assicurarci che le nostre informazioni siano ancora accurate!<\/p>\n\n<h2 class=\"wp-block-heading\">Di cosa vive Region Lovers?<\/h2>\n\n<p>Per continuare a fornirle il maggior numero di informazioni possibile, contiamo su di <strong>lei<\/strong>:<\/p>\n\n<ul class=\"wp-block-list\">\n<li>Acquistando una delle nostre<strong> guide<\/strong>.<\/li>\n\n\n\n<li>Scegliendo l&#8217;<strong>hotel<\/strong>, l&#8217;<strong>autonoleggio <\/strong>, l&#8217;<strong>attivit\u00e0 o il tour<\/strong> tramite uno dei nostri link affiliati (in questo caso riceviamo una piccola parte della commissione della piattaforma).<\/li>\n<\/ul>\n\n<p><a href=\"https:\/\/scotland-lovers.com\/it\/?page_id=46\" target=\"_blank\" rel=\"noreferrer noopener\">Ci contatti<\/a><\/p>\n","protected":false},"excerpt":{"rendered":"<p>Benvenuto nel nostro sito web, Prima di tutto, per non perdersi, Scotland Lovers \u00e8 il sito di Region Lovers dedicato alla bellissima regione della Scozia. Siamo Claire ed Emmanuel Robinson, una sorella, un fratello, un poliglotta, un amante delle parole, un viaggiatore, un epicureo&#8230; Dal 2013, Claire pubblica guide di viaggio in tutto il mondo [&hellip;]<\/p>\n","protected":false},"author":1,"featured_media":0,"parent":0,"menu_order":0,"comment_status":"closed","ping_status":"closed","template":"","meta":{"_genesis_hide_title":false,"_genesis_hide_breadcrumbs":false,"_genesis_hide_singular_image":false,"_genesis_hide_footer_widgets":false,"_genesis_custom_body_class":"","_genesis_custom_post_class":"","_genesis_layout":"","footnotes":""},"class_list":{"0":"post-65","1":"page","2":"type-page","3":"status-publish","5":"entry"},"yoast_head":"<!-- This site is optimized with the Yoast SEO plugin v27.2 - https:\/\/yoast.com\/product\/yoast-seo-wordpress\/ -->\n<title>A proposito di Scotland Lovers e di Region Lovers<\/title>\n<meta name=\"description\" content=\"Scopra di pi\u00f9 su Scotland Lovers, un sito di Region Lovers: creazione, etica, contenuti, team...\" \/>\n<meta name=\"robots\" content=\"index, follow, max-snippet:-1, max-image-preview:large, max-video-preview:-1\" \/>\n<link rel=\"canonical\" href=\"https:\/\/scotland-lovers.com\/it\/a-proposito\/\" \/>\n<meta property=\"og:locale\" content=\"it_IT\" \/>\n<meta property=\"og:type\" content=\"article\" \/>\n<meta property=\"og:title\" content=\"A proposito di Scotland Lovers e di Region Lovers\" \/>\n<meta property=\"og:description\" content=\"Scopra di pi\u00f9 su Scotland Lovers, un sito di Region Lovers: creazione, etica, contenuti, team...\" \/>\n<meta property=\"og:url\" content=\"https:\/\/scotland-lovers.com\/it\/a-proposito\/\" \/>\n<meta property=\"og:site_name\" content=\"Scotland Lovers\" \/>\n<meta property=\"article:modified_time\" content=\"2024-05-08T13:24:27+00:00\" \/>\n<meta property=\"og:image\" content=\"https:\/\/corsicalovers.fr\/wp-content\/uploads\/2023\/03\/emmanuelclaire-1024x684.jpeg\" \/>\n<meta name=\"twitter:card\" content=\"summary_large_image\" \/>\n<meta name=\"twitter:label1\" content=\"Tempo di lettura stimato\" \/>\n\t<meta name=\"twitter:data1\" content=\"3 minuti\" \/>\n<script type=\"application\/ld+json\" class=\"yoast-schema-graph\">{\"@context\":\"https:\/\/schema.org\",\"@graph\":[{\"@type\":\"WebPage\",\"@id\":\"https:\/\/scotland-lovers.com\/it\/a-proposito\/\",\"url\":\"https:\/\/scotland-lovers.com\/it\/a-proposito\/\",\"name\":\"A proposito di Scotland Lovers e di Region Lovers\",\"isPartOf\":{\"@id\":\"https:\/\/scotland-lovers.com\/it\/#website\"},\"primaryImageOfPage\":{\"@id\":\"https:\/\/scotland-lovers.com\/it\/a-proposito\/#primaryimage\"},\"image\":{\"@id\":\"https:\/\/scotland-lovers.com\/it\/a-proposito\/#primaryimage\"},\"thumbnailUrl\":\"https:\/\/corsicalovers.fr\/wp-content\/uploads\/2023\/03\/emmanuelclaire-1024x684.jpeg\",\"datePublished\":\"2024-05-08T13:24:13+00:00\",\"dateModified\":\"2024-05-08T13:24:27+00:00\",\"description\":\"Scopra di pi\u00f9 su Scotland Lovers, un sito di Region Lovers: creazione, etica, contenuti, team...\",\"breadcrumb\":{\"@id\":\"https:\/\/scotland-lovers.com\/it\/a-proposito\/#breadcrumb\"},\"inLanguage\":\"it-IT\",\"potentialAction\":[{\"@type\":\"ReadAction\",\"target\":[\"https:\/\/scotland-lovers.com\/it\/a-proposito\/\"]}]},{\"@type\":\"ImageObject\",\"inLanguage\":\"it-IT\",\"@id\":\"https:\/\/scotland-lovers.com\/it\/a-proposito\/#primaryimage\",\"url\":\"https:\/\/corsicalovers.fr\/wp-content\/uploads\/2023\/03\/emmanuelclaire-1024x684.jpeg\",\"contentUrl\":\"https:\/\/corsicalovers.fr\/wp-content\/uploads\/2023\/03\/emmanuelclaire-1024x684.jpeg\"},{\"@type\":\"BreadcrumbList\",\"@id\":\"https:\/\/scotland-lovers.com\/it\/a-proposito\/#breadcrumb\",\"itemListElement\":[{\"@type\":\"ListItem\",\"position\":1,\"name\":\"Accueil\",\"item\":\"https:\/\/scotland-lovers.com\/it\/\"},{\"@type\":\"ListItem\",\"position\":2,\"name\":\"A proposito di Scotland Lovers e di Region Lovers\"}]},{\"@type\":\"WebSite\",\"@id\":\"https:\/\/scotland-lovers.com\/it\/#website\",\"url\":\"https:\/\/scotland-lovers.com\/it\/\",\"name\":\"Scotland Lovers\",\"description\":\"\",\"publisher\":{\"@id\":\"https:\/\/scotland-lovers.com\/it\/#organization\"},\"potentialAction\":[{\"@type\":\"SearchAction\",\"target\":{\"@type\":\"EntryPoint\",\"urlTemplate\":\"https:\/\/scotland-lovers.com\/it\/?s={search_term_string}\"},\"query-input\":{\"@type\":\"PropertyValueSpecification\",\"valueRequired\":true,\"valueName\":\"search_term_string\"}}],\"inLanguage\":\"it-IT\"},{\"@type\":\"Organization\",\"@id\":\"https:\/\/scotland-lovers.com\/it\/#organization\",\"name\":\"Scotland Lovers\",\"url\":\"https:\/\/scotland-lovers.com\/it\/\",\"logo\":{\"@type\":\"ImageObject\",\"inLanguage\":\"it-IT\",\"@id\":\"https:\/\/scotland-lovers.com\/it\/#\/schema\/logo\/image\/\",\"url\":\"https:\/\/scotland-lovers.com\/wp-content\/uploads\/2025\/08\/Scotland-Lovers-Logos-RVB_Principal-bicolore-scaled.png\",\"contentUrl\":\"https:\/\/scotland-lovers.com\/wp-content\/uploads\/2025\/08\/Scotland-Lovers-Logos-RVB_Principal-bicolore-scaled.png\",\"width\":2560,\"height\":696,\"caption\":\"Scotland Lovers\"},\"image\":{\"@id\":\"https:\/\/scotland-lovers.com\/it\/#\/schema\/logo\/image\/\"}}]}<\/script>\n<!-- \/ Yoast SEO plugin. -->","yoast_head_json":{"title":"A proposito di Scotland Lovers e di Region Lovers","description":"Scopra di pi\u00f9 su Scotland Lovers, un sito di Region Lovers: creazione, etica, contenuti, team...","robots":{"index":"index","follow":"follow","max-snippet":"max-snippet:-1","max-image-preview":"max-image-preview:large","max-video-preview":"max-video-preview:-1"},"canonical":"https:\/\/scotland-lovers.com\/it\/a-proposito\/","og_locale":"it_IT","og_type":"article","og_title":"A proposito di Scotland Lovers e di Region Lovers","og_description":"Scopra di pi\u00f9 su Scotland Lovers, un sito di Region Lovers: creazione, etica, contenuti, team...","og_url":"https:\/\/scotland-lovers.com\/it\/a-proposito\/","og_site_name":"Scotland Lovers","article_modified_time":"2024-05-08T13:24:27+00:00","og_image":[{"url":"https:\/\/corsicalovers.fr\/wp-content\/uploads\/2023\/03\/emmanuelclaire-1024x684.jpeg","type":"","width":"","height":""}],"twitter_card":"summary_large_image","twitter_misc":{"Tempo di lettura stimato":"3 minuti"},"schema":{"@context":"https:\/\/schema.org","@graph":[{"@type":"WebPage","@id":"https:\/\/scotland-lovers.com\/it\/a-proposito\/","url":"https:\/\/scotland-lovers.com\/it\/a-proposito\/","name":"A proposito di Scotland Lovers e di Region Lovers","isPartOf":{"@id":"https:\/\/scotland-lovers.com\/it\/#website"},"primaryImageOfPage":{"@id":"https:\/\/scotland-lovers.com\/it\/a-proposito\/#primaryimage"},"image":{"@id":"https:\/\/scotland-lovers.com\/it\/a-proposito\/#primaryimage"},"thumbnailUrl":"https:\/\/corsicalovers.fr\/wp-content\/uploads\/2023\/03\/emmanuelclaire-1024x684.jpeg","datePublished":"2024-05-08T13:24:13+00:00","dateModified":"2024-05-08T13:24:27+00:00","description":"Scopra di pi\u00f9 su Scotland Lovers, un sito di Region Lovers: creazione, etica, contenuti, team...","breadcrumb":{"@id":"https:\/\/scotland-lovers.com\/it\/a-proposito\/#breadcrumb"},"inLanguage":"it-IT","potentialAction":[{"@type":"ReadAction","target":["https:\/\/scotland-lovers.com\/it\/a-proposito\/"]}]},{"@type":"ImageObject","inLanguage":"it-IT","@id":"https:\/\/scotland-lovers.com\/it\/a-proposito\/#primaryimage","url":"https:\/\/corsicalovers.fr\/wp-content\/uploads\/2023\/03\/emmanuelclaire-1024x684.jpeg","contentUrl":"https:\/\/corsicalovers.fr\/wp-content\/uploads\/2023\/03\/emmanuelclaire-1024x684.jpeg"},{"@type":"BreadcrumbList","@id":"https:\/\/scotland-lovers.com\/it\/a-proposito\/#breadcrumb","itemListElement":[{"@type":"ListItem","position":1,"name":"Accueil","item":"https:\/\/scotland-lovers.com\/it\/"},{"@type":"ListItem","position":2,"name":"A proposito di Scotland Lovers e di Region Lovers"}]},{"@type":"WebSite","@id":"https:\/\/scotland-lovers.com\/it\/#website","url":"https:\/\/scotland-lovers.com\/it\/","name":"Scotland Lovers","description":"","publisher":{"@id":"https:\/\/scotland-lovers.com\/it\/#organization"},"potentialAction":[{"@type":"SearchAction","target":{"@type":"EntryPoint","urlTemplate":"https:\/\/scotland-lovers.com\/it\/?s={search_term_string}"},"query-input":{"@type":"PropertyValueSpecification","valueRequired":true,"valueName":"search_term_string"}}],"inLanguage":"it-IT"},{"@type":"Organization","@id":"https:\/\/scotland-lovers.com\/it\/#organization","name":"Scotland Lovers","url":"https:\/\/scotland-lovers.com\/it\/","logo":{"@type":"ImageObject","inLanguage":"it-IT","@id":"https:\/\/scotland-lovers.com\/it\/#\/schema\/logo\/image\/","url":"https:\/\/scotland-lovers.com\/wp-content\/uploads\/2025\/08\/Scotland-Lovers-Logos-RVB_Principal-bicolore-scaled.png","contentUrl":"https:\/\/scotland-lovers.com\/wp-content\/uploads\/2025\/08\/Scotland-Lovers-Logos-RVB_Principal-bicolore-scaled.png","width":2560,"height":696,"caption":"Scotland Lovers"},"image":{"@id":"https:\/\/scotland-lovers.com\/it\/#\/schema\/logo\/image\/"}}]}},"featured_image_src":null,"featured_image_src_square":null,"_links":{"self":[{"href":"https:\/\/scotland-lovers.com\/it\/wp-json\/wp\/v2\/pages\/65","targetHints":{"allow":["GET"]}}],"collection":[{"href":"https:\/\/scotland-lovers.com\/it\/wp-json\/wp\/v2\/pages"}],"about":[{"href":"https:\/\/scotland-lovers.com\/it\/wp-json\/wp\/v2\/types\/page"}],"author":[{"embeddable":true,"href":"https:\/\/scotland-lovers.com\/it\/wp-json\/wp\/v2\/users\/1"}],"replies":[{"embeddable":true,"href":"https:\/\/scotland-lovers.com\/it\/wp-json\/wp\/v2\/comments?post=65"}],"version-history":[{"count":0,"href":"https:\/\/scotland-lovers.com\/it\/wp-json\/wp\/v2\/pages\/65\/revisions"}],"wp:attachment":[{"href":"https:\/\/scotland-lovers.com\/it\/wp-json\/wp\/v2\/media?parent=65"}],"curies":[{"name":"wp","href":"https:\/\/api.w.org\/{rel}","templated":true}]}}