{"id":53,"date":"2024-05-08T12:44:39","date_gmt":"2024-05-08T12:44:39","guid":{"rendered":"https:\/\/scotland-lovers.com\/politiche\/"},"modified":"2024-05-08T12:45:37","modified_gmt":"2024-05-08T12:45:37","slug":"politiche","status":"publish","type":"page","link":"https:\/\/scotland-lovers.com\/it\/politiche\/","title":{"rendered":"Avviso legale, condizioni d&#8217;uso e politica sulla privacy"},"content":{"rendered":"\n<p>Le seguenti politiche sono soggette a modifiche senza preavviso. L&#8217;ultimo aggiornamento risale all&#8217;8 maggio 2024. Se ha delle domande, pu\u00f2 contattarci utilizzando il modulo in fondo alla pagina.<\/p>\n\n<h2 class=\"wp-block-heading\">Informazioni legali<\/h2>\n\n<p>Editore e responsabile del sito :<\/p>\n\n<p>Claire Robinson &#8211; 76600 Le Havre &#8211; Claire(at)regionlovers.fr<\/p>\n\n<p>Ospitato da :<\/p>\n\n<p>WP Engine &#8211; Texas &#8211; Stati Uniti &#8211; <a href=\"https:\/\/wpengine.com\/contact\/\" rel=\"noreferrer noopener\" target=\"_blank\">Contatto<\/a><\/p>\n\n<p><strong>Azienda :<\/strong><\/p>\n\n<p>Region Lovers SAS<br\/>2 rue des sauveteurs<br\/>76600 Le Havre<br\/>Capitale sociale 6000\u20ac.<br\/>VAT FR21845103191<\/p>\n\n<hr class=\"wp-block-separator has-alpha-channel-opacity\"\/>\n\n<h2 class=\"wp-block-heading\">Privacy<\/h2>\n\n<p>La invitiamo a leggere attentamente la presente informativa sulla privacy per capire come Scotland Lovers (il Sito) ottiene, utilizza, protegge e gestisce in generale le sue Informazioni di identificazione personale quando utilizza questo sito.<\/p>\n\n<p><strong>Quali informazioni personali delle persone che visitano il mio sito vengono raccolte?<\/strong><\/p>\n\n<p>Quando commenta, ordina o ci invia un&#8217;e-mail, \u00e8 possibile che le venga chiesto il suo nome, l&#8217;indirizzo e-mail o altri dettagli per aiutarla nella sua esperienza.<\/p>\n\n<p><strong>Quando vengono raccolte queste informazioni?<\/strong><\/p>\n\n<p>Raccogliamo le sue informazioni quando si iscrive a una newsletter o agli aggiornamenti via e-mail, quando effettua un acquisto, quando completa un sondaggio o quando inserisce informazioni su questo sito (ad esempio, per scrivere un commento).<\/p>\n\n<p><strong>Come vengono utilizzate queste informazioni?<\/strong><\/p>\n\n<p>Possiamo utilizzare le informazioni raccolte nei seguenti modi:<\/p>\n\n<ul class=\"wp-block-list\">\n<li>Per personalizzare e fornire il tipo di contenuti e prodotti che la interessano di pi\u00f9.<\/li>\n\n\n\n<li>Per migliorare il sito, al fine di informarla meglio.<\/li>\n\n\n\n<li>Per inviare e-mail periodiche sul sito o su altri prodotti e servizi.<\/li>\n<\/ul>\n\n<p><strong>Non venderemo<\/strong> o divulgheremo<strong>mai<\/strong> le sue informazioni, e se in qualsiasi momento desidera annullare l&#8217;iscrizione a qualsiasi comunicazione e-mail, pu\u00f2 farlo utilizzando il link alla fine di ogni e-mail.<\/p>\n\n<p>Se desidera saperne di pi\u00f9 sull&#8217;uso e la conservazione dei suoi dati, utilizzi il modulo alla fine di questa pagina per contattarci.<\/p>\n\n<p><strong>Come vengono protette le informazioni dei visitatori del nostro sito?<\/strong><\/p>\n\n<p>Il sito web viene regolarmente scansionato per individuare le falle di sicurezza e i punti deboli noti, per rendere la sua visita il pi\u00f9 sicura possibile.<\/p>\n\n<p><strong>Utilizzo i cookie?<\/strong><\/p>\n\n<p>S\u00ec. I cookie sono piccoli file che un sito o il suo fornitore di servizi trasferisce sul disco rigido del suo computer attraverso il suo browser web (se lei lo consente) e che permettono al sito o al fornitore di servizi di riconoscere il suo browser e di acquisire e ricordare determinate informazioni. Ad esempio, un sito pu\u00f2 utilizzare i cookie per aiutare a ricordare ed elaborare gli articoli nel carrello della spesa. Vengono anche utilizzati per aiutare a compilare e analizzare i dati sul traffico del sito e le interazioni con il sito, per fornire esperienze migliori sul nostro sito e strumenti migliori per il futuro.<\/p>\n\n<p>Scotland Lovers utilizza i cookie principalmente per compilare e analizzare i dati sul traffico e le interazioni del sito, al fine di fornire esperienze e strumenti migliori per il futuro. Abbiamo anche cookie di affiliazione da siti web che raccomandano le mie guide di viaggio. Possiamo anche utilizzare servizi di siti terzi fidati per tracciare questi articoli per me.<\/p>\n\n<p>Pu\u00f2 scegliere che il suo computer la informi ogni volta che invia un cookie oppure pu\u00f2 scegliere di disabilitare tutti i cookie. Lo fa nelle impostazioni del suo browser (come Internet Explorer, Safari o Google Chrome).<\/p>\n\n<p><strong>Link di terze parti<\/strong><\/p>\n\n<p>Occasionalmente, nei miei articoli possiamo inserire dei link a siti di terzi, ai loro prodotti o servizi. Questi siti hanno politiche sulla privacy indipendenti. Scotland Lovers non pu\u00f2 essere ritenuta responsabile per il contenuto e l&#8217;attivit\u00e0 dei siti collegati. Tuttavia, ci impegniamo per l&#8217;integrit\u00e0 e accogliamo con favore il feedback su questi siti.<\/p>\n\n<p><strong>Fornitori utilizzati :<\/strong><\/p>\n\n<ul class=\"wp-block-list\">\n<li>Per gestire l&#8217;accettazione dei cookie, Complianz<\/li>\n\n\n\n<li>Per il modulo di contatto e il modulo di iscrizione alla newsletter, Gravity Forms<\/li>\n\n\n\n<li>Per la newsletter, Mailchimp &#8211; <a href=\"https:\/\/mailchimp.com\/fr\/gdpr\/\" target=\"_blank\" rel=\"noreferrer noopener\">veda il loro accordo sulla protezione dei dati<\/a>.<\/li>\n\n\n\n<li>Per la vendita di e-book, viene utilizzata la piattaforma Sendowl<a href=\"https:\/\/www.sendowl.com\/privacy\" target=\"_blank\" rel=\"noreferrer noopener\">(informativa sulla privacy qui<\/a>) e i pagamenti con carta di credito vengono effettuati con Stripe<a href=\"https:\/\/stripe.com\/en-fr\/privacy\" target=\"_blank\" rel=\"noreferrer noopener\">(informativa sulla privacy qui<\/a>).<\/li>\n<\/ul>\n\n<hr class=\"wp-block-separator has-alpha-channel-opacity\"\/>\n\n<h2 class=\"wp-block-heading\">Condizioni d&#8217;uso<\/h2>\n\n<h3 class=\"wp-block-heading\">I nostri servizi<\/h3>\n\n<p>Non possiamo essere ritenuti responsabili di eventuali ritardi o interruzioni del sito web. Ci impegniamo a compiere sforzi commercialmente ragionevoli per ridurre al minimo i ritardi e le interruzioni. Tuttavia, non possiamo garantire che il sito sia sempre disponibile o in determinati orari.<\/p>\n\n<p>Possiamo, a nostra discrezione e senza preavviso, disattivare il sito in tutto o in parte. Tuttavia, non possiamo essere responsabili di eventuali perdite, costi, danni o responsabilit\u00e0 derivanti dall&#8217;interruzione del sito web.<\/p>\n\n<h3 class=\"wp-block-heading\">Comportamento vietato<\/h3>\n\n<p>In relazione a questo sito web, lei non deve :<\/p>\n\n<ul class=\"wp-block-list\">\n<li>Utilizzare il Sito web per qualsiasi attivit\u00e0 o pubblicare o trasmettere tramite il Sito web informazioni o materiali che contravvengano a qualsiasi legge o regolamento, violino i diritti di terzi o siano contrari a qualsiasi norma o codice applicabile;<\/li>\n\n\n\n<li>Utilizzare il Sito web per pubblicare o trasmettere qualsiasi materiale che interferisca con altri utenti o che diffami, molesti, minacci, offenda o limiti o inibisca l&#8217;accesso di qualsiasi utente al Sito web o a Internet;<\/li>\n\n\n\n<li>Utilizzare il Sito web per inviare messaggi elettronici non richiesti;<\/li>\n\n\n\n<li>Manomettere, interferire o modificare il Sito web in qualsiasi modo;<\/li>\n\n\n\n<li>trasmettere consapevolmente virus o altre funzioni disabilitanti a o attraverso il Sito web; oppure<\/li>\n\n\n\n<li>Tentare di compiere uno dei suddetti atti o facilitare o assistere un&#8217;altra persona a compiere uno dei suddetti atti.<\/li>\n<\/ul>\n\n<h3 class=\"wp-block-heading\">Propriet\u00e0 intellettuale<\/h3>\n\n<p>Il materiale del Sito web, compresi il software, il design, il testo, le immagini e la grafica inclusi nel Sito web e la selezione e la disposizione del Sito web sono di propriet\u00e0 di Scotland Lovers.<\/p>\n\n<p>L&#8217;uso del Sito web non le concede alcuna licenza o diritto di utilizzare alcun marchio o logo, registrato o non registrato, visibile sul Sito web senza l&#8217;espressa autorizzazione scritta del proprietario del marchio.<\/p>\n\n<p>Possediamo il copyright di tutte le opere creative o letterarie pubblicate sul Sito web.<\/p>\n\n<p>Non deve :<\/p>\n\n<ul class=\"wp-block-list\">\n<li>Riprodurre o utilizzare qualsiasi materiale del Sito web per qualsiasi scopo commerciale o non commerciale, compresa la vendita;<\/li>\n\n\n\n<li>Modificare in qualsiasi modo i materiali presenti sul Sito web; oppure<\/li>\n\n\n\n<li>Agire in modo tale che qualsiasi elemento del Sito web possa essere incorniciato o incorporato in un altro sito web.<\/li>\n<\/ul>\n\n<p>In sintesi, non deve modificare, copiare, riprodurre, ripubblicare, incorniciare, caricare su terzi, pubblicare, trasmettere o distribuire il contenuto del Sito web in alcun modo, salvo quanto espressamente previsto da noi o quanto espressamente autorizzato per iscritto da noi.<\/p>\n\n<p>Nel caso in cui lei compia una delle azioni sopra descritte, non esiter\u00f2 a far valere i nostri diritti di propriet\u00e0 intellettuale nei suoi confronti.<\/p>\n\n<h3 class=\"wp-block-heading\"><strong>Solo informazioni generali<\/strong><\/h3>\n\n<p>La nostra intenzione, con le informazioni presenti sul nostro sito web, \u00e8 quella di fornire semplicemente una panoramica dei punti di interesse. Le informazioni contenute nel nostro Sito web non intendono essere esaustive, n\u00e9 costituiscono in alcun modo consigli o raccomandazioni. Cerchiamo di assicurare che il contenuto sia attuale e preciso, ma non ne garantiamo la validit\u00e0 e l&#8217;accuratezza. Prima di agire o fare affidamento sulle informazioni contenute nel nostro Sito web, deve condurre una propria ricerca e\/o informarsi.<\/p>\n\n<h3 class=\"wp-block-heading\"><strong>Collegamenti con terze parti<\/strong><\/h3>\n\n<p>Il Sito web pu\u00f2 contenere collegamenti ipertestuali e altri puntatori a siti web gestiti da terzi (Siti web collegati). Non controlliamo alcun sito web collegato e non siamo pertanto responsabili del contenuto del sito web collegato o di qualsiasi link ipertestuale contenuto nel sito web collegato. Forniamo i collegamenti ipertestuali solo per sua comodit\u00e0 e non indicano, in modo esplicito o implicito, alcun avallo, sponsorizzazione o approvazione da parte nostra di qualsiasi Sito web collegato o dei prodotti o servizi offerti dai Siti web collegati.<\/p>\n\n<p>Lei visita i siti web collegati interamente a suo rischio e pericolo.<\/p>\n\n<p>Non forniamo alcuna garanzia n\u00e9 ci assumiamo alcuna responsabilit\u00e0 per qualsiasi aspetto dei Siti collegati e del loro contenuto.<\/p>\n\n<p>Dovrebbe effettuare le proprie indagini sull&#8217;idoneit\u00e0 dei beni e\/o servizi che le vengono offerti tramite un sito web collegato.<\/p>\n\n<h3 class=\"wp-block-heading\">Compensazione<\/h3>\n\n<p>Utilizzando il Sito web, <strong>lei<\/strong>lei accetta di tenerci indenni da e contro qualsiasi azione, reclamo, causa, richiesta, danno, e per responsabilit\u00e0, costi o spese (sia per illecito che per contratto, inclusa, senza limitazione, la negligenza) derivanti da o in connessione con il suo uso del Sito web.<\/p>\n\n<hr class=\"wp-block-separator has-alpha-channel-opacity\"\/>\n\n<h2 class=\"wp-block-heading\" id=\"tab-con-1\">Divulgazione<\/h2>\n\n<h3 class=\"wp-block-heading\">Collaborazioni<\/h3>\n\n<p>Scotland Lovers <strong>non<\/strong> collabora con marchi <strong>o<\/strong> uffici turistici.<\/p>\n\n<p>Scotland Lovers dar\u00e0 sempre la sua vera opinione sulle sue scoperte, convinzioni ed esperienze su questi argomenti. Le opinioni e i pareri espressi in questo blog sono quelli dei rispettivi autori. Qualsiasi dichiarazione fatta su un prodotto, un servizio o un altro articolo deve essere verificata con il produttore, il fornitore o la persona responsabile dell&#8217;argomento in questione.<\/p>\n\n<h3 class=\"wp-block-heading\"><strong>Link di affiliazione<\/strong><\/h3>\n\n<p>In alcuni casi, possiamo includere link di affiliazione in alcuni post in cui raccomandiamo prodotti o servizi specifici. Se acquista qualcosa attraverso uno di questi link affiliati, riceviamo una piccola commissione senza alcun costo aggiuntivo per lei.<\/p>\n\n<p>Scotland Lovers partecipa ai Programmi Partner di Amazon per l&#8217;Unione Europea, gli Stati Uniti, il Regno Unito e la California, che sono programmi di affiliazione progettati per consentire ai siti web di guadagnare denaro collegandosi ad Amazon.<\/p>\n\n<hr class=\"wp-block-separator has-alpha-channel-opacity\"\/>\n\n<h2 class=\"wp-block-heading\" id=\"tab-con-7\">Contatto<\/h2>\n\n<p><a href=\"https:\/\/scotland-lovers.com\/it\/?page_id=46\">Veda il modulo di contatto<\/a><\/p>\n","protected":false},"excerpt":{"rendered":"<p>Le seguenti politiche sono soggette a modifiche senza preavviso. L&#8217;ultimo aggiornamento risale all&#8217;8 maggio 2024. Se ha delle domande, pu\u00f2 contattarci utilizzando il modulo in fondo alla pagina. Informazioni legali Editore e responsabile del sito : Claire Robinson &#8211; 76600 Le Havre &#8211; Claire(at)regionlovers.fr Ospitato da : WP Engine &#8211; Texas &#8211; Stati Uniti &#8211; [&hellip;]<\/p>\n","protected":false},"author":1,"featured_media":0,"parent":0,"menu_order":0,"comment_status":"closed","ping_status":"closed","template":"","meta":{"_genesis_hide_title":false,"_genesis_hide_breadcrumbs":false,"_genesis_hide_singular_image":false,"_genesis_hide_footer_widgets":false,"_genesis_custom_body_class":"","_genesis_custom_post_class":"","_genesis_layout":"","footnotes":""},"class_list":{"0":"post-53","1":"page","2":"type-page","3":"status-publish","5":"entry"},"yoast_head":"<!-- This site is optimized with the Yoast SEO plugin v27.2 - https:\/\/yoast.com\/product\/yoast-seo-wordpress\/ -->\n<title>Avviso legale, condizioni d&#039;uso e politica sulla privacy<\/title>\n<meta name=\"description\" content=\"Nota legale, condizioni d&#039;uso e politica sulla privacy - de Region Lovers\" \/>\n<meta name=\"robots\" content=\"index, follow, max-snippet:-1, max-image-preview:large, max-video-preview:-1\" \/>\n<link rel=\"canonical\" href=\"https:\/\/scotland-lovers.com\/it\/politiche\/\" \/>\n<meta property=\"og:locale\" content=\"it_IT\" \/>\n<meta property=\"og:type\" content=\"article\" \/>\n<meta property=\"og:title\" content=\"Avviso legale, condizioni d&#039;uso e politica sulla privacy\" \/>\n<meta property=\"og:description\" content=\"Nota legale, condizioni d&#039;uso e politica sulla privacy - de Region Lovers\" \/>\n<meta property=\"og:url\" content=\"https:\/\/scotland-lovers.com\/it\/politiche\/\" \/>\n<meta property=\"og:site_name\" content=\"Scotland Lovers\" \/>\n<meta property=\"article:modified_time\" content=\"2024-05-08T12:45:37+00:00\" \/>\n<meta name=\"twitter:card\" content=\"summary_large_image\" \/>\n<meta name=\"twitter:label1\" content=\"Tempo di lettura stimato\" \/>\n\t<meta name=\"twitter:data1\" content=\"7 minuti\" \/>\n<script type=\"application\/ld+json\" class=\"yoast-schema-graph\">{\"@context\":\"https:\/\/schema.org\",\"@graph\":[{\"@type\":\"WebPage\",\"@id\":\"https:\/\/scotland-lovers.com\/it\/politiche\/\",\"url\":\"https:\/\/scotland-lovers.com\/it\/politiche\/\",\"name\":\"Avviso legale, condizioni d'uso e politica sulla privacy\",\"isPartOf\":{\"@id\":\"https:\/\/scotland-lovers.com\/it\/#website\"},\"datePublished\":\"2024-05-08T12:44:39+00:00\",\"dateModified\":\"2024-05-08T12:45:37+00:00\",\"description\":\"Nota legale, condizioni d'uso e politica sulla privacy - de Region Lovers\",\"breadcrumb\":{\"@id\":\"https:\/\/scotland-lovers.com\/it\/politiche\/#breadcrumb\"},\"inLanguage\":\"it-IT\",\"potentialAction\":[{\"@type\":\"ReadAction\",\"target\":[\"https:\/\/scotland-lovers.com\/it\/politiche\/\"]}]},{\"@type\":\"BreadcrumbList\",\"@id\":\"https:\/\/scotland-lovers.com\/it\/politiche\/#breadcrumb\",\"itemListElement\":[{\"@type\":\"ListItem\",\"position\":1,\"name\":\"Accueil\",\"item\":\"https:\/\/scotland-lovers.com\/it\/\"},{\"@type\":\"ListItem\",\"position\":2,\"name\":\"Avviso legale, condizioni d&rsquo;uso e politica sulla privacy\"}]},{\"@type\":\"WebSite\",\"@id\":\"https:\/\/scotland-lovers.com\/it\/#website\",\"url\":\"https:\/\/scotland-lovers.com\/it\/\",\"name\":\"Scotland Lovers\",\"description\":\"\",\"publisher\":{\"@id\":\"https:\/\/scotland-lovers.com\/it\/#organization\"},\"potentialAction\":[{\"@type\":\"SearchAction\",\"target\":{\"@type\":\"EntryPoint\",\"urlTemplate\":\"https:\/\/scotland-lovers.com\/it\/?s={search_term_string}\"},\"query-input\":{\"@type\":\"PropertyValueSpecification\",\"valueRequired\":true,\"valueName\":\"search_term_string\"}}],\"inLanguage\":\"it-IT\"},{\"@type\":\"Organization\",\"@id\":\"https:\/\/scotland-lovers.com\/it\/#organization\",\"name\":\"Scotland Lovers\",\"url\":\"https:\/\/scotland-lovers.com\/it\/\",\"logo\":{\"@type\":\"ImageObject\",\"inLanguage\":\"it-IT\",\"@id\":\"https:\/\/scotland-lovers.com\/it\/#\/schema\/logo\/image\/\",\"url\":\"https:\/\/scotland-lovers.com\/wp-content\/uploads\/2025\/08\/Scotland-Lovers-Logos-RVB_Principal-bicolore-scaled.png\",\"contentUrl\":\"https:\/\/scotland-lovers.com\/wp-content\/uploads\/2025\/08\/Scotland-Lovers-Logos-RVB_Principal-bicolore-scaled.png\",\"width\":2560,\"height\":696,\"caption\":\"Scotland Lovers\"},\"image\":{\"@id\":\"https:\/\/scotland-lovers.com\/it\/#\/schema\/logo\/image\/\"}}]}<\/script>\n<!-- \/ Yoast SEO plugin. -->","yoast_head_json":{"title":"Avviso legale, condizioni d'uso e politica sulla privacy","description":"Nota legale, condizioni d'uso e politica sulla privacy - de Region Lovers","robots":{"index":"index","follow":"follow","max-snippet":"max-snippet:-1","max-image-preview":"max-image-preview:large","max-video-preview":"max-video-preview:-1"},"canonical":"https:\/\/scotland-lovers.com\/it\/politiche\/","og_locale":"it_IT","og_type":"article","og_title":"Avviso legale, condizioni d'uso e politica sulla privacy","og_description":"Nota legale, condizioni d'uso e politica sulla privacy - de Region Lovers","og_url":"https:\/\/scotland-lovers.com\/it\/politiche\/","og_site_name":"Scotland Lovers","article_modified_time":"2024-05-08T12:45:37+00:00","twitter_card":"summary_large_image","twitter_misc":{"Tempo di lettura stimato":"7 minuti"},"schema":{"@context":"https:\/\/schema.org","@graph":[{"@type":"WebPage","@id":"https:\/\/scotland-lovers.com\/it\/politiche\/","url":"https:\/\/scotland-lovers.com\/it\/politiche\/","name":"Avviso legale, condizioni d'uso e politica sulla privacy","isPartOf":{"@id":"https:\/\/scotland-lovers.com\/it\/#website"},"datePublished":"2024-05-08T12:44:39+00:00","dateModified":"2024-05-08T12:45:37+00:00","description":"Nota legale, condizioni d'uso e politica sulla privacy - de Region Lovers","breadcrumb":{"@id":"https:\/\/scotland-lovers.com\/it\/politiche\/#breadcrumb"},"inLanguage":"it-IT","potentialAction":[{"@type":"ReadAction","target":["https:\/\/scotland-lovers.com\/it\/politiche\/"]}]},{"@type":"BreadcrumbList","@id":"https:\/\/scotland-lovers.com\/it\/politiche\/#breadcrumb","itemListElement":[{"@type":"ListItem","position":1,"name":"Accueil","item":"https:\/\/scotland-lovers.com\/it\/"},{"@type":"ListItem","position":2,"name":"Avviso legale, condizioni d&rsquo;uso e politica sulla privacy"}]},{"@type":"WebSite","@id":"https:\/\/scotland-lovers.com\/it\/#website","url":"https:\/\/scotland-lovers.com\/it\/","name":"Scotland Lovers","description":"","publisher":{"@id":"https:\/\/scotland-lovers.com\/it\/#organization"},"potentialAction":[{"@type":"SearchAction","target":{"@type":"EntryPoint","urlTemplate":"https:\/\/scotland-lovers.com\/it\/?s={search_term_string}"},"query-input":{"@type":"PropertyValueSpecification","valueRequired":true,"valueName":"search_term_string"}}],"inLanguage":"it-IT"},{"@type":"Organization","@id":"https:\/\/scotland-lovers.com\/it\/#organization","name":"Scotland Lovers","url":"https:\/\/scotland-lovers.com\/it\/","logo":{"@type":"ImageObject","inLanguage":"it-IT","@id":"https:\/\/scotland-lovers.com\/it\/#\/schema\/logo\/image\/","url":"https:\/\/scotland-lovers.com\/wp-content\/uploads\/2025\/08\/Scotland-Lovers-Logos-RVB_Principal-bicolore-scaled.png","contentUrl":"https:\/\/scotland-lovers.com\/wp-content\/uploads\/2025\/08\/Scotland-Lovers-Logos-RVB_Principal-bicolore-scaled.png","width":2560,"height":696,"caption":"Scotland Lovers"},"image":{"@id":"https:\/\/scotland-lovers.com\/it\/#\/schema\/logo\/image\/"}}]}},"featured_image_src":null,"featured_image_src_square":null,"_links":{"self":[{"href":"https:\/\/scotland-lovers.com\/it\/wp-json\/wp\/v2\/pages\/53","targetHints":{"allow":["GET"]}}],"collection":[{"href":"https:\/\/scotland-lovers.com\/it\/wp-json\/wp\/v2\/pages"}],"about":[{"href":"https:\/\/scotland-lovers.com\/it\/wp-json\/wp\/v2\/types\/page"}],"author":[{"embeddable":true,"href":"https:\/\/scotland-lovers.com\/it\/wp-json\/wp\/v2\/users\/1"}],"replies":[{"embeddable":true,"href":"https:\/\/scotland-lovers.com\/it\/wp-json\/wp\/v2\/comments?post=53"}],"version-history":[{"count":0,"href":"https:\/\/scotland-lovers.com\/it\/wp-json\/wp\/v2\/pages\/53\/revisions"}],"wp:attachment":[{"href":"https:\/\/scotland-lovers.com\/it\/wp-json\/wp\/v2\/media?parent=53"}],"curies":[{"name":"wp","href":"https:\/\/api.w.org\/{rel}","templated":true}]}}