{"id":52,"date":"2024-05-08T12:44:39","date_gmt":"2024-05-08T12:44:39","guid":{"rendered":"https:\/\/scotland-lovers.com\/richtlinien\/"},"modified":"2024-05-08T12:45:31","modified_gmt":"2024-05-08T12:45:31","slug":"richtlinien","status":"publish","type":"page","link":"https:\/\/scotland-lovers.com\/de\/richtlinien\/","title":{"rendered":"Rechtliche Hinweise, Nutzungsbedingungen und Datenschutzrichtlinie"},"content":{"rendered":"\n<p>Die folgenden Richtlinien k\u00f6nnen ohne vorherige Ank\u00fcndigung ge\u00e4ndert werden. Sie wurden zuletzt am 8. Mai 2024 aktualisiert. Wenn Sie Fragen haben, k\u00f6nnen Sie uns \u00fcber das Formular am Ende der Seite kontaktieren.<\/p>\n\n<h2 class=\"wp-block-heading\">Rechtliche Hinweise<\/h2>\n\n<p>Herausgeber und Verantwortlicher der Website :<\/p>\n\n<p>Claire Robinson &#8211; 76600 Le Havre &#8211; Claire(at)regionlovers.fr<\/p>\n\n<p>Hosting :<\/p>\n\n<p>WP Engine &#8211; Texas &#8211; United States &#8211; <a href=\"https:\/\/wpengine.com\/contact\/\" rel=\"noreferrer noopener\" target=\"_blank\">Kontakt<\/a><\/p>\n\n<p><strong>Unternehmen :<\/strong><\/p>\n\n<p>Region Lovers SAS<br\/>2 rue des sauveteurs<br\/>76600 Le Havre<br\/>Stammkapital 6000\u20ac.<br\/>VAT FR21845103191<\/p>\n\n<hr class=\"wp-block-separator has-alpha-channel-opacity\"\/>\n\n<h2 class=\"wp-block-heading\">Datenschutz<\/h2>\n\n<p>Bitte lesen Sie diese Datenschutzrichtlinie sorgf\u00e4ltig durch, um zu verstehen, wie Scotland Lovers (die Website) Ihre Pers\u00f6nlich Identifizierbaren Informationen bei der Nutzung dieser Website erh\u00e4lt, verwendet, sch\u00fctzt und im Allgemeinen handhabt.<\/p>\n\n<p><strong>Welche pers\u00f6nlichen Informationen von Personen, die meine Website besuchen, werden gesammelt?<\/strong><\/p>\n\n<p>Wenn Sie einen Kommentar abgeben, eine Bestellung aufgeben oder uns eine E-Mail schreiben, k\u00f6nnen Sie je nach Fall nach Ihrem Namen, Ihrer E-Mail-Adresse oder anderen Details gefragt werden, um Ihnen bei Ihrer Erfahrung zu helfen.<\/p>\n\n<p><strong>Wann werden diese Informationen abgerufen?<\/strong><\/p>\n\n<p>Wir erfassen Ihre Daten, wenn Sie sich f\u00fcr einen Newsletter oder E-Mail-Updates anmelden, wenn Sie einen Kauf t\u00e4tigen, wenn Sie an einer Umfrage teilnehmen oder wenn Sie Informationen auf dieser Website eingeben (z.B. um einen Kommentar zu schreiben).<\/p>\n\n<p><strong>Wie werden diese Informationen verwendet?<\/strong><\/p>\n\n<p>Wir k\u00f6nnen diese gesammelten Informationen auf folgende Weise verwenden:<\/p>\n\n<ul class=\"wp-block-list\">\n<li>Um die Art von Inhalten und Produkten, die f\u00fcr Sie am interessantesten sind, zu personalisieren und bereitzustellen.<\/li>\n\n\n\n<li>Um die Website zu verbessern, damit wir Sie besser informieren k\u00f6nnen.<\/li>\n\n\n\n<li>Um regelm\u00e4\u00dfig E-Mails \u00fcber die Website oder andere Produkte und Dienstleistungen zu versenden.<\/li>\n<\/ul>\n\n<p>Wir<strong>werden<\/strong> Ihre Daten<strong>niemals verkaufen<\/strong> oder weitergeben, und wenn Sie sich zu irgendeinem Zeitpunkt von einer E-Mail abmelden m\u00f6chten, k\u00f6nnen Sie dies \u00fcber den Link am Ende jeder E-Mail tun.<\/p>\n\n<p>Wenn Sie mehr \u00fcber die Verwendung und Speicherung Ihrer Daten erfahren m\u00f6chten, verwenden Sie bitte das Formular am Ende dieser Seite, um uns zu kontaktieren.<\/p>\n\n<p><strong>Wie werden die Informationen der Besucher unserer Website gesch\u00fctzt?<\/strong><\/p>\n\n<p>Die Website wird regelm\u00e4\u00dfig auf Sicherheitsl\u00fccken und bekannte Schwachstellen \u00fcberpr\u00fcft, um Ihren Besuch so sicher wie m\u00f6glich zu gestalten.<\/p>\n\n<p><strong>Verwende ich &#8218;Cookies&#8216;?<\/strong><\/p>\n\n<p>Ja. Cookies sind kleine Dateien, die eine Website oder ihr Dienstleister \u00fcber Ihren Webbrowser auf die Festplatte Ihres Computers \u00fcbertr\u00e4gt (sofern Sie dies zulassen). Zum Beispiel kann eine Website Cookies verwenden, um sich an die Artikel in Ihrem Einkaufskorb zu erinnern und diese zu verarbeiten. Sie werden auch verwendet, um bei der Zusammenstellung und Analyse von Daten \u00fcber den Verkehr auf der Website und die Interaktionen auf der Website zu helfen, um bessere Erfahrungen auf unserer Website und bessere Tools f\u00fcr die Zukunft zu bieten.<\/p>\n\n<p>Scotland Lovers verwendet Cookies in erster Linie, um Daten \u00fcber den Datenverkehr auf der Website und die Interaktionen auf der Website zusammenzustellen und zu analysieren, um bessere Erfahrungen auf der Website und bessere Tools f\u00fcr die Zukunft anbieten zu k\u00f6nnen. Wir haben auch Affiliate-Cookies von Websites, die meine Reisef\u00fchrer empfehlen. Wir k\u00f6nnen auch Dienste von Drittseiten, denen wir vertrauen, nutzen, um diese Elemente an meiner Stelle zu verfolgen.<\/p>\n\n<p>Sie k\u00f6nnen festlegen, dass Ihr Computer Sie jedes Mal informiert, wenn er ein Cookie sendet, oder Sie k\u00f6nnen alle Cookies deaktivieren. Sie tun dies in den Einstellungen Ihres Browsers (z.B. Internet Explorer, Safari oder Google Chrome).<\/p>\n\n<p><strong>Links Dritter<\/strong><\/p>\n\n<p>Gelegentlich k\u00f6nnen wir in meinen Artikeln Links zu Websites Dritter, ihren Produkten oder Dienstleistungen haben. Diese Websites haben unabh\u00e4ngige Datenschutzrichtlinien. Scotland Lovers ist nicht verantwortlich f\u00fcr den Inhalt und die Aktivit\u00e4ten der verlinkten Seiten. Wir sind jedoch um Integrit\u00e4t bem\u00fcht und akzeptieren jedes Feedback zu diesen Websites.<\/p>\n\n<p><strong>Verwendete Lieferanten :<\/strong><\/p>\n\n<ul class=\"wp-block-list\">\n<li>F\u00fcr die Verwaltung der Annahme von Cookies, Complianz<\/li>\n\n\n\n<li>F\u00fcr das Kontaktformular und das Formular zur Anmeldung f\u00fcr den Newsletter, Gravity Forms<\/li>\n\n\n\n<li>F\u00fcr den Newsletter Mailchimp &#8211; <a href=\"https:\/\/mailchimp.com\/fr\/gdpr\/\" target=\"_blank\" rel=\"noreferrer noopener\">siehe deren Datenschutzvereinbarung<\/a>.<\/li>\n\n\n\n<li>F\u00fcr den Verkauf von E-Books wird die Sendowl-Plattform<a href=\"https:\/\/www.sendowl.com\/privacy\" target=\"_blank\" rel=\"noreferrer noopener\">(Datenschutzrichtlinie hier<\/a>) verwendet und Kreditkartenzahlungen werden \u00fcber Stripe<a href=\"https:\/\/stripe.com\/en-fr\/privacy\" target=\"_blank\" rel=\"noreferrer noopener\">(Datenschutzrichtlinie hier<\/a>) abgewickelt.<\/li>\n<\/ul>\n\n<hr class=\"wp-block-separator has-alpha-channel-opacity\"\/>\n\n<h2 class=\"wp-block-heading\">Nutzungsbedingungen<\/h2>\n\n<h3 class=\"wp-block-heading\">Unsere Dienstleistungen<\/h3>\n\n<p>Wir k\u00f6nnen nicht f\u00fcr Verz\u00f6gerungen oder Unterbrechungen der Website haftbar gemacht werden. Wir bem\u00fchen uns in wirtschaftlich angemessener Weise, Verz\u00f6gerungen und Unterbrechungen zu minimieren. Wir k\u00f6nnen jedoch nicht garantieren, dass die Website zu jeder Zeit oder zu bestimmten Zeiten verf\u00fcgbar ist.<\/p>\n\n<p>Wir k\u00f6nnen die Website jederzeit und ohne Sie davon in Kenntnis zu setzen ganz oder teilweise deaktivieren. Wir k\u00f6nnen jedoch nicht f\u00fcr Verluste, Kosten, Sch\u00e4den oder Verpflichtungen haftbar gemacht werden, die sich aus der Unterbrechung der Website ergeben.<\/p>\n\n<h3 class=\"wp-block-heading\">Verbotenes Fahren<\/h3>\n\n<p>In Verbindung mit dieser Website d\u00fcrfen Sie nicht :<\/p>\n\n<ul class=\"wp-block-list\">\n<li>die Website f\u00fcr irgendwelche Aktivit\u00e4ten zu nutzen oder \u00fcber die Website Informationen oder Materialien einzustellen oder zu \u00fcbertragen, die gegen Gesetze oder Vorschriften versto\u00dfen, die Rechte Dritter verletzen oder gegen geltende Normen oder Kodizes versto\u00dfen;<\/li>\n\n\n\n<li>Die Nutzung der Website zum Einstellen oder \u00dcbertragen von Material, das andere Nutzer st\u00f6rt oder verleumdet, bel\u00e4stigt, bedroht, bedroht, beleidigt oder den Zugriff auf die Website oder das Internet einschr\u00e4nkt oder verhindert;<\/li>\n\n\n\n<li>Nutzung der Website zum Versenden von unerw\u00fcnschten E-Mails ;<\/li>\n\n\n\n<li>die Webseite in irgendeiner Weise zu f\u00e4lschen, zu behindern oder zu ver\u00e4ndern;<\/li>\n\n\n\n<li>wissentlich irgendwelche Viren oder andere Merkmale, die die Website au\u00dfer Betrieb setzen, oder \u00fcber die Website \u00fcbertragen; oder<\/li>\n\n\n\n<li>Der Versuch, eine der oben genannten Handlungen auszuf\u00fchren oder eine andere Person bei der Ausf\u00fchrung einer der oben genannten Handlungen zu unterst\u00fctzen oder ihr dabei zu helfen.<\/li>\n<\/ul>\n\n<h3 class=\"wp-block-heading\">Geistiges Eigentum<\/h3>\n\n<p>Das Material auf der Website, einschlie\u00dflich Software, Design, Text, Bilder und Grafiken, die auf der Website enthalten sind, sowie die Auswahl und das Layout der Website sind Eigentum von Scotland Lovers.<\/p>\n\n<p>Ihre Nutzung der Website gew\u00e4hrt Ihnen keine Lizenz oder gilt als Recht zur Nutzung von registrierten oder nicht registrierten Markenzeichen oder Logos, die auf der Website zu sehen sind, ohne die ausdr\u00fcckliche schriftliche Genehmigung des Markeninhabers.<\/p>\n\n<p>Wir besitzen das Urheberrecht an allen kreativen oder literarischen Werken, die auf der Website angezeigt werden.<\/p>\n\n<p>Sie d\u00fcrfen nicht :<\/p>\n\n<ul class=\"wp-block-list\">\n<li>Reproduktion oder Verwendung von Material auf der Website f\u00fcr kommerzielle oder nichtkommerzielle Zwecke, einschlie\u00dflich Verkauf;<\/li>\n\n\n\n<li>die Materialien auf der Website in irgendeiner Weise zu ver\u00e4ndern; oder<\/li>\n\n\n\n<li>Handeln in einer Weise, die es erm\u00f6glicht, dass ein Element auf der Website in eine andere Website eingebunden werden kann.<\/li>\n<\/ul>\n\n<p>Kurz gesagt, Sie d\u00fcrfen den Inhalt der Website in keiner Weise \u00e4ndern, kopieren, reproduzieren, neu ver\u00f6ffentlichen, verpacken, an Dritte hochladen, posten, \u00fcbertragen oder verteilen, es sei denn, dies ist ausdr\u00fccklich von uns vorgesehen oder ausdr\u00fccklich schriftlich von uns genehmigt worden.<\/p>\n\n<p>Sollten Sie eine der oben genannten Handlungen vornehmen, werde ich nicht z\u00f6gern, unsere geistigen Eigentumsrechte gegen Sie durchzusetzen.<\/p>\n\n<h3 class=\"wp-block-heading\"><strong>Nur allgemeine Informationen<\/strong><\/h3>\n\n<p>Wir beabsichtigen, mit den Informationen auf unserer Website lediglich einen \u00dcberblick \u00fcber interessante Punkte zu vermitteln. Die Informationen auf unserer Website erheben keinen Anspruch auf Vollst\u00e4ndigkeit und stellen in keiner Weise Ratschl\u00e4ge oder Empfehlungen dar. Wir versuchen sicherzustellen, dass der Inhalt aktuell und genau ist, aber wir garantieren nicht f\u00fcr seine G\u00fcltigkeit und Richtigkeit. Sie sollten Ihre eigenen Nachforschungen anstellen und\/oder Ihre eigenen Informationen einholen, bevor Sie handeln oder sich auf die Informationen auf unserer Website verlassen.<\/p>\n\n<h3 class=\"wp-block-heading\"><strong>Links zu Dritten<\/strong><\/h3>\n\n<p>Die Webseite kann Hyperlinks und andere Verweise auf Webseiten enthalten, die von Dritten betrieben werden (verlinkte Webseiten). Wir kontrollieren keine verlinkten Websites und sind daher nicht verantwortlich f\u00fcr den Inhalt der verlinkten Website oder f\u00fcr Hyperlinks, die auf der verlinkten Website enthalten sind. Wir stellen die Hyperlinks nur zu Ihrer Bequemlichkeit zur Verf\u00fcgung und geben weder ausdr\u00fccklich noch implizit an, dass wir eine verlinkte Website oder die Produkte oder Dienstleistungen, die auf den verlinkten Websites angeboten werden, best\u00e4tigen, sponsern oder genehmigen.<\/p>\n\n<p>Sie besuchen die verlinkten Webseiten auf eigene Verantwortung.<\/p>\n\n<p>Wir geben keine Garantien und \u00fcbernehmen keine Verantwortung f\u00fcr alle Aspekte der verlinkten Webseiten und deren Inhalt.<\/p>\n\n<p>Sie sollten Ihre eigenen Untersuchungen bez\u00fcglich der Eignung der Waren und\/oder Dienstleistungen, die Ihnen \u00fcber eine verlinkte Website angeboten werden, durchf\u00fchren.<\/p>\n\n<h3 class=\"wp-block-heading\">Entsch\u00e4digung<\/h3>\n\n<p>Durch die Nutzung der Website k\u00f6nnen <strong>Sie<\/strong>Sie erkl\u00e4ren sich damit einverstanden, uns von und gegen alle Klagen, Anspr\u00fcche, Prozesse, Forderungen, Sch\u00e4den, Zinsen und Verpflichtungen, Kosten oder Ausgaben (ob aus unerlaubter Handlung oder Vertrag, einschlie\u00dflich und ohne Einschr\u00e4nkung, Fahrl\u00e4ssigkeit), die aufgrund oder in Verbindung mit Ihrer Nutzung der Website entstehen, freizustellen.<\/p>\n\n<hr class=\"wp-block-separator has-alpha-channel-opacity\"\/>\n\n<h2 class=\"wp-block-heading\" id=\"tab-con-1\">Offenlegung<\/h2>\n\n<h3 class=\"wp-block-heading\">Partnerschaften<\/h3>\n\n<p>Scotland Lovers arbeitet <strong>weder<\/strong> mit Marken <strong>noch<\/strong> mit Fremdenverkehrs\u00e4mtern zusammen.<\/p>\n\n<p>Scotland Lovers wird immer seine wahrheitsgem\u00e4\u00dfe Meinung \u00fcber seine Entdeckungen, \u00dcberzeugungen und Erfahrungen zu diesen Themen \u00e4u\u00dfern. Die in diesem Blog ge\u00e4u\u00dferten Ansichten und Meinungen sind die der jeweiligen Autoren. Jede Darstellung eines Produkts, einer Dienstleistung oder eines anderen Elements muss mit dem Hersteller, Lieferanten oder der Person, die f\u00fcr das betreffende Thema verantwortlich ist, abgestimmt werden.<\/p>\n\n<h3 class=\"wp-block-heading\"><strong>Affiliate-Links<\/strong><\/h3>\n\n<p>In einigen F\u00e4llen k\u00f6nnen wir in bestimmten Beitr\u00e4gen Partnerlinks einf\u00fcgen, in denen wir bestimmte Produkte oder Dienstleistungen empfehlen. Wenn Sie etwas \u00fcber einen dieser Affiliate-Links kaufen, erhalten wir eine kleine Provision ohne Aufpreis f\u00fcr Sie.<\/p>\n\n<p>Scotland Lovers ist Teilnehmer des Amazon Partnerprogramms EU, US, UK, CA, ein Partnerprogramm, das f\u00fcr Websites konzipiert wurde, mittels dessen durch die Platzierung von Links zu Amazon Werbekostenerstattung verdient werden kann.<\/p>\n\n<hr class=\"wp-block-separator has-alpha-channel-opacity\"\/>\n\n<h2 class=\"wp-block-heading\" id=\"tab-con-7\">Kontakt<\/h2>\n\n<p><a href=\"https:\/\/scotland-lovers.com\/de\/?page_id=47\">Siehe Kontaktformular<\/a><\/p>\n","protected":false},"excerpt":{"rendered":"<p>Die folgenden Richtlinien k\u00f6nnen ohne vorherige Ank\u00fcndigung ge\u00e4ndert werden. Sie wurden zuletzt am 8. Mai 2024 aktualisiert. Wenn Sie Fragen haben, k\u00f6nnen Sie uns \u00fcber das Formular am Ende der Seite kontaktieren. Rechtliche Hinweise Herausgeber und Verantwortlicher der Website : Claire Robinson &#8211; 76600 Le Havre &#8211; Claire(at)regionlovers.fr Hosting : WP Engine &#8211; Texas &#8211; [&hellip;]<\/p>\n","protected":false},"author":1,"featured_media":0,"parent":0,"menu_order":0,"comment_status":"closed","ping_status":"closed","template":"","meta":{"_genesis_hide_title":false,"_genesis_hide_breadcrumbs":false,"_genesis_hide_singular_image":false,"_genesis_hide_footer_widgets":false,"_genesis_custom_body_class":"","_genesis_custom_post_class":"","_genesis_layout":"","footnotes":""},"class_list":{"0":"post-52","1":"page","2":"type-page","3":"status-publish","5":"entry"},"yoast_head":"<!-- This site is optimized with the Yoast SEO plugin v27.2 - https:\/\/yoast.com\/product\/yoast-seo-wordpress\/ -->\n<title>Rechtliche Hinweise, Nutzungsbedingungen und Datenschutzrichtlinie<\/title>\n<meta name=\"description\" content=\"Rechtliche Hinweise, Nutzungsbedingungen und Datenschutzrichtlinien - von Region Lovers\" \/>\n<meta name=\"robots\" content=\"index, follow, max-snippet:-1, max-image-preview:large, max-video-preview:-1\" \/>\n<link rel=\"canonical\" href=\"https:\/\/scotland-lovers.com\/de\/richtlinien\/\" \/>\n<meta property=\"og:locale\" content=\"de_DE\" \/>\n<meta property=\"og:type\" content=\"article\" \/>\n<meta property=\"og:title\" content=\"Rechtliche Hinweise, Nutzungsbedingungen und Datenschutzrichtlinie\" \/>\n<meta property=\"og:description\" content=\"Rechtliche Hinweise, Nutzungsbedingungen und Datenschutzrichtlinien - von Region Lovers\" \/>\n<meta property=\"og:url\" content=\"https:\/\/scotland-lovers.com\/de\/richtlinien\/\" \/>\n<meta property=\"og:site_name\" content=\"Scotland Lovers\" \/>\n<meta property=\"article:modified_time\" content=\"2024-05-08T12:45:31+00:00\" \/>\n<meta name=\"twitter:card\" content=\"summary_large_image\" \/>\n<meta name=\"twitter:label1\" content=\"Gesch\u00e4tzte Lesezeit\" \/>\n\t<meta name=\"twitter:data1\" content=\"8 Minuten\" \/>\n<script type=\"application\/ld+json\" class=\"yoast-schema-graph\">{\"@context\":\"https:\/\/schema.org\",\"@graph\":[{\"@type\":\"WebPage\",\"@id\":\"https:\/\/scotland-lovers.com\/de\/richtlinien\/\",\"url\":\"https:\/\/scotland-lovers.com\/de\/richtlinien\/\",\"name\":\"Rechtliche Hinweise, Nutzungsbedingungen und Datenschutzrichtlinie\",\"isPartOf\":{\"@id\":\"https:\/\/scotland-lovers.com\/de\/#website\"},\"datePublished\":\"2024-05-08T12:44:39+00:00\",\"dateModified\":\"2024-05-08T12:45:31+00:00\",\"description\":\"Rechtliche Hinweise, Nutzungsbedingungen und Datenschutzrichtlinien - von Region Lovers\",\"breadcrumb\":{\"@id\":\"https:\/\/scotland-lovers.com\/de\/richtlinien\/#breadcrumb\"},\"inLanguage\":\"de-DE\",\"potentialAction\":[{\"@type\":\"ReadAction\",\"target\":[\"https:\/\/scotland-lovers.com\/de\/richtlinien\/\"]}]},{\"@type\":\"BreadcrumbList\",\"@id\":\"https:\/\/scotland-lovers.com\/de\/richtlinien\/#breadcrumb\",\"itemListElement\":[{\"@type\":\"ListItem\",\"position\":1,\"name\":\"Accueil\",\"item\":\"https:\/\/scotland-lovers.com\/de\/\"},{\"@type\":\"ListItem\",\"position\":2,\"name\":\"Rechtliche Hinweise, Nutzungsbedingungen und Datenschutzrichtlinie\"}]},{\"@type\":\"WebSite\",\"@id\":\"https:\/\/scotland-lovers.com\/de\/#website\",\"url\":\"https:\/\/scotland-lovers.com\/de\/\",\"name\":\"Scotland Lovers\",\"description\":\"\",\"publisher\":{\"@id\":\"https:\/\/scotland-lovers.com\/de\/#organization\"},\"potentialAction\":[{\"@type\":\"SearchAction\",\"target\":{\"@type\":\"EntryPoint\",\"urlTemplate\":\"https:\/\/scotland-lovers.com\/de\/?s={search_term_string}\"},\"query-input\":{\"@type\":\"PropertyValueSpecification\",\"valueRequired\":true,\"valueName\":\"search_term_string\"}}],\"inLanguage\":\"de-DE\"},{\"@type\":\"Organization\",\"@id\":\"https:\/\/scotland-lovers.com\/de\/#organization\",\"name\":\"Scotland Lovers\",\"url\":\"https:\/\/scotland-lovers.com\/de\/\",\"logo\":{\"@type\":\"ImageObject\",\"inLanguage\":\"de-DE\",\"@id\":\"https:\/\/scotland-lovers.com\/de\/#\/schema\/logo\/image\/\",\"url\":\"https:\/\/scotland-lovers.com\/wp-content\/uploads\/2025\/08\/Scotland-Lovers-Logos-RVB_Principal-bicolore-scaled.png\",\"contentUrl\":\"https:\/\/scotland-lovers.com\/wp-content\/uploads\/2025\/08\/Scotland-Lovers-Logos-RVB_Principal-bicolore-scaled.png\",\"width\":2560,\"height\":696,\"caption\":\"Scotland Lovers\"},\"image\":{\"@id\":\"https:\/\/scotland-lovers.com\/de\/#\/schema\/logo\/image\/\"}}]}<\/script>\n<!-- \/ Yoast SEO plugin. -->","yoast_head_json":{"title":"Rechtliche Hinweise, Nutzungsbedingungen und Datenschutzrichtlinie","description":"Rechtliche Hinweise, Nutzungsbedingungen und Datenschutzrichtlinien - von Region Lovers","robots":{"index":"index","follow":"follow","max-snippet":"max-snippet:-1","max-image-preview":"max-image-preview:large","max-video-preview":"max-video-preview:-1"},"canonical":"https:\/\/scotland-lovers.com\/de\/richtlinien\/","og_locale":"de_DE","og_type":"article","og_title":"Rechtliche Hinweise, Nutzungsbedingungen und Datenschutzrichtlinie","og_description":"Rechtliche Hinweise, Nutzungsbedingungen und Datenschutzrichtlinien - von Region Lovers","og_url":"https:\/\/scotland-lovers.com\/de\/richtlinien\/","og_site_name":"Scotland Lovers","article_modified_time":"2024-05-08T12:45:31+00:00","twitter_card":"summary_large_image","twitter_misc":{"Gesch\u00e4tzte Lesezeit":"8 Minuten"},"schema":{"@context":"https:\/\/schema.org","@graph":[{"@type":"WebPage","@id":"https:\/\/scotland-lovers.com\/de\/richtlinien\/","url":"https:\/\/scotland-lovers.com\/de\/richtlinien\/","name":"Rechtliche Hinweise, Nutzungsbedingungen und Datenschutzrichtlinie","isPartOf":{"@id":"https:\/\/scotland-lovers.com\/de\/#website"},"datePublished":"2024-05-08T12:44:39+00:00","dateModified":"2024-05-08T12:45:31+00:00","description":"Rechtliche Hinweise, Nutzungsbedingungen und Datenschutzrichtlinien - von Region Lovers","breadcrumb":{"@id":"https:\/\/scotland-lovers.com\/de\/richtlinien\/#breadcrumb"},"inLanguage":"de-DE","potentialAction":[{"@type":"ReadAction","target":["https:\/\/scotland-lovers.com\/de\/richtlinien\/"]}]},{"@type":"BreadcrumbList","@id":"https:\/\/scotland-lovers.com\/de\/richtlinien\/#breadcrumb","itemListElement":[{"@type":"ListItem","position":1,"name":"Accueil","item":"https:\/\/scotland-lovers.com\/de\/"},{"@type":"ListItem","position":2,"name":"Rechtliche Hinweise, Nutzungsbedingungen und Datenschutzrichtlinie"}]},{"@type":"WebSite","@id":"https:\/\/scotland-lovers.com\/de\/#website","url":"https:\/\/scotland-lovers.com\/de\/","name":"Scotland Lovers","description":"","publisher":{"@id":"https:\/\/scotland-lovers.com\/de\/#organization"},"potentialAction":[{"@type":"SearchAction","target":{"@type":"EntryPoint","urlTemplate":"https:\/\/scotland-lovers.com\/de\/?s={search_term_string}"},"query-input":{"@type":"PropertyValueSpecification","valueRequired":true,"valueName":"search_term_string"}}],"inLanguage":"de-DE"},{"@type":"Organization","@id":"https:\/\/scotland-lovers.com\/de\/#organization","name":"Scotland Lovers","url":"https:\/\/scotland-lovers.com\/de\/","logo":{"@type":"ImageObject","inLanguage":"de-DE","@id":"https:\/\/scotland-lovers.com\/de\/#\/schema\/logo\/image\/","url":"https:\/\/scotland-lovers.com\/wp-content\/uploads\/2025\/08\/Scotland-Lovers-Logos-RVB_Principal-bicolore-scaled.png","contentUrl":"https:\/\/scotland-lovers.com\/wp-content\/uploads\/2025\/08\/Scotland-Lovers-Logos-RVB_Principal-bicolore-scaled.png","width":2560,"height":696,"caption":"Scotland Lovers"},"image":{"@id":"https:\/\/scotland-lovers.com\/de\/#\/schema\/logo\/image\/"}}]}},"featured_image_src":null,"featured_image_src_square":null,"_links":{"self":[{"href":"https:\/\/scotland-lovers.com\/de\/wp-json\/wp\/v2\/pages\/52","targetHints":{"allow":["GET"]}}],"collection":[{"href":"https:\/\/scotland-lovers.com\/de\/wp-json\/wp\/v2\/pages"}],"about":[{"href":"https:\/\/scotland-lovers.com\/de\/wp-json\/wp\/v2\/types\/page"}],"author":[{"embeddable":true,"href":"https:\/\/scotland-lovers.com\/de\/wp-json\/wp\/v2\/users\/1"}],"replies":[{"embeddable":true,"href":"https:\/\/scotland-lovers.com\/de\/wp-json\/wp\/v2\/comments?post=52"}],"version-history":[{"count":0,"href":"https:\/\/scotland-lovers.com\/de\/wp-json\/wp\/v2\/pages\/52\/revisions"}],"wp:attachment":[{"href":"https:\/\/scotland-lovers.com\/de\/wp-json\/wp\/v2\/media?parent=52"}],"curies":[{"name":"wp","href":"https:\/\/api.w.org\/{rel}","templated":true}]}}